{"id":2938,"date":"2014-06-06T08:50:57","date_gmt":"2014-06-06T07:50:57","guid":{"rendered":"https:\/\/edilians-group.com\/aviso-legal\/"},"modified":"2024-12-05T12:11:45","modified_gmt":"2024-12-05T11:11:45","slug":"aviso-legal","status":"publish","type":"page","link":"https:\/\/edilians-group.com\/es\/aviso-legal\/","title":{"rendered":"Aviso legal"},"content":{"rendered":"[vc_row type=&#8221;in_container&#8221; full_screen_row_position=&#8221;middle&#8221; column_margin=&#8221;default&#8221; column_direction=&#8221;default&#8221; column_direction_tablet=&#8221;default&#8221; column_direction_phone=&#8221;default&#8221; scene_position=&#8221;center&#8221; text_color=&#8221;dark&#8221; text_align=&#8221;left&#8221; row_border_radius=&#8221;none&#8221; row_border_radius_applies=&#8221;bg&#8221; overflow=&#8221;visible&#8221; overlay_strength=&#8221;0.3&#8243; gradient_direction=&#8221;left_to_right&#8221; shape_divider_position=&#8221;bottom&#8221; bg_image_animation=&#8221;none&#8221;][vc_column column_padding=&#8221;no-extra-padding&#8221; column_padding_tablet=&#8221;inherit&#8221; column_padding_phone=&#8221;inherit&#8221; column_padding_position=&#8221;all&#8221; column_element_direction_desktop=&#8221;default&#8221; column_element_spacing=&#8221;default&#8221; desktop_text_alignment=&#8221;default&#8221; tablet_text_alignment=&#8221;default&#8221; phone_text_alignment=&#8221;default&#8221; background_color_opacity=&#8221;1&#8243; background_hover_color_opacity=&#8221;1&#8243; column_backdrop_filter=&#8221;none&#8221; column_shadow=&#8221;none&#8221; column_border_radius=&#8221;none&#8221; column_link_target=&#8221;_self&#8221; column_position=&#8221;default&#8221; gradient_direction=&#8221;left_to_right&#8221; overlay_strength=&#8221;0.3&#8243; width=&#8221;1\/1&#8243; tablet_width_inherit=&#8221;default&#8221; animation_type=&#8221;default&#8221; bg_image_animation=&#8221;none&#8221; border_type=&#8221;simple&#8221; column_border_width=&#8221;none&#8221; column_border_style=&#8221;solid&#8221;][vc_column_text text_direction=&#8221;default&#8221;]\n<h1>Aviso legal<\/h1>\n<div>\n<div>\n<p>El acceso a este sitio web \u00abedilians.com\u00bb (el \u00abSitio\u00bb) implica la aceptaci\u00f3n plena e incondicional y el cumplimiento de las siguientes disposiciones por parte del usuario.<\/p>\n<p>La publicaci\u00f3n y la propiedad de este sitio web corresponden a la empresa <b>Edilians <\/b><b>S. A. S.<\/b>, con un capital social de 161\u00a0227\u00a0700,00 euros;<\/p>\n<p class=\"Default\">Domicilio social: 65, chemin du Moulin Carron, 69570 Dardilly, Francia;<\/p>\n<p class=\"Default\">Tel.: +33 (0)4 72 52 02 72<\/p>\n<p class=\"Default\">Correo electr\u00f3nico: contact@edilians.com;<\/p>\n<p class=\"Default\">inscrita en el Registro Mercantil de Lyon con el n\u00famero B 449 354 224, IVA intracomunitario: FR 43 449 354 224; en lo sucesivo, \u00abEdilians\u00bb;<br \/>\nn\u00famero \u00fanico en el SYDEREP (registro franc\u00e9s de responsabilidad extendida del productor) de Edilians S. A. S.: FR232442_04SDJI;<br \/>\nn\u00famero \u00fanico en el SYDEREP de Edilians Tech: FR218271_04QPHX.<\/p>\n<p>El director de la publicaci\u00f3n es el Sr. Pascal Casanova, en su calidad de presidente de la empresa Edilians.<\/p>\n<p>Alojamiento web: a trav\u00e9s de Magento, Inc, 345 Park Avenue, San Jos\u00e9, CA 95110, EE. UU., con los servicios de alojamiento en Irlanda de Amazon Web Services, Inc, <strong>410 Terry Avenue North, Seattle, WA 98109-5210, <\/strong>EE. UU. (sitio web: <a href=\"https:\/\/aws.amazon.com\/es\/\">www.aws.amazon.com)<\/a>.<\/p>\n<p>&nbsp;<\/p>\n<\/div>\n<h2>Cr\u00e9ditos<\/h2>\n<p>Este Sitio ha sido creado por Business &amp; Decision SA, con un capital social de 551\u00a0808,25 euros.<\/p>\n<p>Domicilio social: 153 rue de Courcelles, 75817 Par\u00eds cedex 17, Francia.<\/p>\n<p>Establecimiento secundario: 45, Quai Charles de Gaulle, 69006 Lyon.<br \/>\nInscrita en el Registro Mercantil de <strong>Par\u00eds <\/strong>con el n\u00famero<strong>:<\/strong> 384 518 114 B.<\/p>\n<p>Tel.: +33 (0)1 56 21 21 21 (Par\u00eds) o +33 (0) 4 37 47 32 40 (Lyon)<\/p>\n<p>&nbsp;<\/p>\n<h2>Propiedad intelectual<\/h2>\n<p>Fotos: Sabine Serrad\/Jean-Baptiste Vetter\/R\u00e9mi Portier<\/p>\n<p>Los colores que aparecen en estas fotos no son contractuales y pueden no ser totalmente fieles a la realidad. Para confirmar su elecci\u00f3n, p\u00f3ngase en contacto con nuestro servicio de Env\u00edo de Muestras.<\/p>\n<p>La arquitectura general, as\u00ed como el software, el contenido, las im\u00e1genes, los v\u00eddeos, los sonidos, los procesos, los esl\u00f3ganes, los textos, el producto, la tecnolog\u00eda y los <i>conocimientos t\u00e9cnicos <\/i>en general, as\u00ed como cualquier otro elemento que forme parte de este Sitio est\u00e1n protegidos por derechos de propiedad intelectual e industrial, que pertenecen, en exclusiva, a Edilians o a sus licenciantes. Todos los elementos visuales, registrados o no como marcas o en cualquier otra categor\u00eda, acompa\u00f1ados o no de las siglas \u00ae, \u2122, \u2120 o \u00a9, y, de forma m\u00e1s general, toda la informaci\u00f3n que aparece en el Sitio son propiedad exclusiva de Edilians o de terceros con los que Edilians ha celebrado acuerdos por los que permiten dicho uso o conceden dicho permiso. El usuario no tiene derecho a reproducirlos o distribuirlos por ning\u00fan medio sin el consentimiento previo de Edilians o, en su caso, de los terceros afectados.<\/p>\n<p>Las marcas y los logotipos de Edilians y cualquier versi\u00f3n derivada de todos ellos, as\u00ed como las marcas de sus socios comerciales, sean o no propiedad de Edilians, son marcas protegidas. Cualquier reproducci\u00f3n total o parcial de estas marcas o de estos logotipos realizada a trav\u00e9s de este Sitio, sin la autorizaci\u00f3n expresa y previa de Edilians o contraria a la \u00ab<i>Pol\u00edtica de uso de las marcas comerciales de Edilians Group<\/i>\u00bb, est\u00e1 prohibida, de conformidad con las disposiciones del C\u00f3digo de la Propiedad Intelectual franc\u00e9s.<\/p>\n<p>Cualquier utilizaci\u00f3n total o parcial, copia, reproducci\u00f3n, publicaci\u00f3n, modificaci\u00f3n, adaptaci\u00f3n, traducci\u00f3n, representaci\u00f3n o distribuci\u00f3n de este Sitio y de su contenido, en cualquier forma, sin la autorizaci\u00f3n previa y expresa de Edilians o contraria a la <i>\u00abPol\u00edtica de uso de las marcas comerciales de Edilians Group\u00bb, <\/i>est\u00e1 prohibida y ser\u00e1 considerada como una infracci\u00f3n de las disposiciones del C\u00f3digo de Propiedad Intelectual franc\u00e9s, lo que podr\u00e1 comprometer la responsabilidad civil y\/o penal de su autor. Edilians se reserva el derecho de emprender acciones legales contra cualquier persona que haya violado los derechos que aqu\u00ed se mencionan.<\/p>\n<p>Edilians proh\u00edbe expresamente lo siguiente:<\/p>\n<ul>\n<li>la extracci\u00f3n, mediante transferencia permanente o temporal, de la totalidad o de una parte cualitativa o cuantitativamente sustancial del contenido de una base de datos a otro soporte, por cualquier medio y en cualquier forma;<\/li>\n<li>la reutilizaci\u00f3n, mediante su puesta a disposici\u00f3n del p\u00fablico, de la totalidad o de una parte cualitativa o cuantitativamente sustancial del contenido de una base de datos, cualquiera que sea su forma.<\/li>\n<\/ul>\n<h2>Limitaci\u00f3n de responsabilidad<\/h2>\n<p>CUALQUIER INFORMACI\u00d3N PROPORCIONADA A CUALQUIER USUARIO EN ESTE SITIO WEB SE PROPORCIONA \u00ab<i>TAL CUAL<\/i>\u00bb,<br \/>\nSIN GARANT\u00cdA DE NING\u00daN TIPO, YA SEA EXPRESA O IMPL\u00cdCITA, INCLUIDAS, ENTRE OTRAS, LAS GARANT\u00cdAS IMPL\u00cdCITAS DE COMERCIABILIDAD, IDONEIDAD PARA UN FIN DETERMINADO O NO INFRACCI\u00d3N; EDILIANS NO GARANTIZA QUE EL ACCESO AL SITIO WEB SEA ININTERRUMPIDO, QUE EL SITIO WEB SEA SEGURO Y EST\u00c9 LIBRE DE VIRUS U OTROS COMPONENTES DA\u00d1INOS, O QUE LA INFORMACI\u00d3N DEL SITIO WEB SEA EN TODO MOMENTO COMPLETA, EXACTA Y ACTUALIZADA.<\/p>\n<p>Cualquier descarga o recepci\u00f3n de datos a trav\u00e9s del Sitio de Edilians se realizar\u00e1 \u00abpor cuenta y riesgo\u00bb de los usuarios y Edilians no asumir\u00e1 responsabilidad alguna en relaci\u00f3n con dicha descarga o recepci\u00f3n de datos.<\/p>\n<p>Edilians no garantiza, en modo alguno, la exactitud, la pertinencia ni la actualizaci\u00f3n de la informaci\u00f3n contenida en los documentos que se ponen a disposici\u00f3n de los usuarios o que estos pueden descargar desde este Sitio Web. La informaci\u00f3n y los documentos puestos a disposici\u00f3n de los usuarios del Sitio Web se facilitan \u00fanicamente a t\u00edtulo informativo y no sustituyen la opini\u00f3n de un profesional de Edilians. Para la elecci\u00f3n de los productos, deber\u00e1n tenerse en cuenta las caracter\u00edsticas espec\u00edficas de los procesos y de los equipos de cada cliente, y deber\u00e1 realizarse un estudio preliminar detallado a cargo del personal t\u00e9cnico de Edilians. Por consiguiente, Edilians no podr\u00e1 ser considerada responsable del uso que hagan los usuarios de este Sitio ni de los documentos suministrados a trav\u00e9s de este Sitio.<\/p>\n<p>La informaci\u00f3n contenida en este Sitio podr\u00e1 modificarse, corregirse o completarse en cualquier momento sin previo aviso.<\/p>\n<p>Sin perjuicio de la creaci\u00f3n de un enlace al Sitio Web de Edilians de conformidad con la \u00ab<i>Pol\u00edtica de uso de las marcas comerciales de Edilians Group<\/i>\u00bb, ning\u00fan tercero podr\u00e1 crear un enlace a los sitios web de Edilians sin la autorizaci\u00f3n previa y expresa de Edilians. Una vez debidamente aprobado por Edilians, cualquier enlace a este Sitio deber\u00e1 llevar a la p\u00e1gina de inicio. La creaci\u00f3n de un enlace a este Sitio en un sitio web de terceros no debe interpretarse como la expresi\u00f3n de la existencia de una relaci\u00f3n entre Edilians y el propietario de este sitio web de terceros.<\/p>\n<p>Este Sitio puede contener enlaces a otros sitios web gestionados por otras empresas. Edilians no patrocina, no controla ni supervisa estos sitios web. Edilians no es responsable del contenido de estos sitios web de terceros, a los que los usuarios acceden \u00abpor su cuenta y riesgo\u00bb.<\/p>\n<p>En principio, el Sitio de Edilians estar\u00e1 accesible las 24 horas, los siete d\u00edas a la semana. No obstante, Edilians podr\u00e1, a su entera discreci\u00f3n, suspender, interrumpir o cancelar el acceso a todo o parte del Sitio en los siguientes casos, entre otros: por razones de fuerza mayor, por dificultades inform\u00e1ticas, debido a dificultades relacionadas con la estructura de la red de telecomunicaciones o de car\u00e1cter t\u00e9cnico, o para realizar tareas de mantenimiento.<\/p>\n<p>Al utilizar este Sitio Web, cada usuario se compromete a no atentar contra el orden p\u00fablico, a cumplir las leyes y los reglamentos vigentes y a respetar los derechos de terceros y las disposiciones del presente documento.<\/p>\n<p>El usuario se compromete a indemnizar y mantener indemne a Edilians, sus filiales, sus directivos, sus administradores, sus empleados, sus representantes y sus agentes frente a cualesquiera reclamaciones, demandas, p\u00e9rdidas, responsabilidades y\/o da\u00f1os y perjuicios (incluidos los honorarios razonables de abogados y los gastos legales) derivados del uso del Sitio o de cualquier infracci\u00f3n a las disposiciones del presente aviso legal.<\/p>\n<h2>Protecci\u00f3n de datos y pol\u00edtica de \u00abcookies\u00bb<\/h2>\n<p>Este sitio web utiliza datos personales y \u00abcookies\u00bb (identificadores de sesi\u00f3n).<br \/>\nEl usuario deber\u00e1 consultar, en el Sitio, la pol\u00edtica de Edilians sobre <a href=\"https:\/\/edilians-group.com\/es\/gestion-de-cookies\/\">protecci\u00f3n de datos y \u00abcookies\u00bb<\/a>.<\/p>\n<p>&nbsp;<\/p>\n<h2>Pol\u00edtica de uso de las marcas comerciales de Edilians Group<\/h2>\n<p>Las marcas comerciales que utilizan Edilians y sus filiales (\u00abEdilians Group\u00bb), reconocidas por clientes de todo el mundo, constituyen un activo de inmenso valor para la promoci\u00f3n de sus productos y sus servicios. El uso correcto de estas marcas contribuye a preservarlas y aumentar su valor. La presente pol\u00edtica (\u00abPol\u00edtica\u00bb) se aplica a las marcas comerciales de Edilians Group con el fin de facilitar su utilizaci\u00f3n coherente y conforme a las normas.<\/p>\n<p>&nbsp;<\/p>\n<h3><b>Marcas<br \/>\n<\/b><\/h3>\n<p>Edilians Group posee numerosas marcas comerciales para sus productos y servicios (en adelante, \u00abMarca\/s\u00bb). La mayor\u00eda de los nombres de productos, si no todos, son Marcas. Edilians Group se reserva todos los derechos de propiedad de sus Marcas, incluidos el nombre y el logotipo de Edilians. La palabra \u00abEdilians\u00bb y el logotipo en forma de concha son ejemplos de Marcas. Usted no podr\u00e1 utilizar las Marcas sin el consentimiento previo por escrito del Departamento de Marketing de Edilians y, llegado el caso, deber\u00e1 hacerlo de conformidad con sus directrices.<\/p>\n<p>Si una Marca aparece en los productos, el embalaje o la documentaci\u00f3n de venta suministrados, usted no podr\u00e1 eliminarla, ocultarla ni modificarla.<\/p>\n<p>La imagen, la presentaci\u00f3n o los elementos distintivos de Edilians forman parte de la identidad y el estilo de nuestra empresa. Dicho estilo abarca el formato, los colores, los modelos, los embalajes, las etiquetas, los r\u00f3tulos, los carteles o cualquier otro material, promocional o no, que Edilians cree. Est\u00e1 prohibido copiar o imitar la imagen, la presentaci\u00f3n o los elementos distintivos de Edilians.<\/p>\n<p>&nbsp;<\/p>\n<h3><b>Uso<br \/>\n<\/b><\/h3>\n<p>Podr\u00e1 utilizar nuestras Marcas para referirse a nuestros productos o nuestros servicios, siempre que dichas referencias sean apropiadas y cumplan con las disposiciones de la Pol\u00edtica. Cualquier uso no previsto o no autorizado en el marco de la Pol\u00edtica deber\u00e1 contar con una autorizaci\u00f3n previa por escrito del Departamento de Marketing de Edilians.<\/p>\n<p>&nbsp;<\/p>\n<h3><b>Enlace en Internet y nombre de dominio<br \/>\n<\/b><\/h3>\n<p>Podr\u00e1 crear un enlace a nuestro Sitio Web<a href=\"https:\/\/edilians.es\/\"> https:\/\/edilians.com<\/a> dentro del suyo, siempre que informe a quien lo visite que ser\u00e1 redirigido a la p\u00e1gina de inicio del Sitio Web de Edilians de esta forma: <i>\u00abHaga clic aqu\u00ed para visitar el sitio web de Edilians\u00bb, <\/i>o bien con este mensaje: <i>\u00abSi hace clic en este enlace, acceder\u00e1 al sitio web de Edilians\u00bb. <\/i>Cualquier otro m\u00e9todo o f\u00f3rmula de redireccionamiento deber\u00e1 contar con la autorizaci\u00f3n previa por escrito del Departamento de Marketing de Edilians.<\/p>\n<p>Usted no puede registrar nombres de dominio que incorporen nuestras Marcas o nombres comerciales, ni utilizar subdominios para incorporarlos. Esta prohibici\u00f3n incluye la Marca \u00abEdilians\u00bb.<\/p>\n<p>&nbsp;<\/p>\n<h3><b>Atribuci\u00f3n de derechos de propiedad<br \/>\n<\/b><\/h3>\n<p>Si utiliza las Marcas en su sitio web o hace referencia a ellas en sus documentos comerciales impresos o en la publicidad de los productos o servicios de Edilians Group, deber\u00e1 insertar un aviso en su documento para informar al lector qui\u00e9n es el propietario de cada una de esas marcas. Por lo general, la propiedad de las Marcas se indica en los cr\u00e9ditos de un documento impreso, que deben figurar justo despu\u00e9s del aviso de \u00abcopyright\u00bb. Este es un ejemplo correcto de atribuci\u00f3n de derechos de propiedad: \u00abAirbrane\u00ae es una marca comercial de Edilians S.\u00a0A.\u00a0S.\u00bb.<\/p>\n<p>No es necesario atribuir la propiedad de una marca a Edilians si se incluye con el s\u00edmbolo correspondiente en un comunicado de prensa. De hecho, cualquier uso autorizado de una Marca debe ir acompa\u00f1ado del s\u00edmbolo de derecho de propiedad intelectual correspondiente. Si no est\u00e1 seguro de qu\u00e9 s\u00edmbolo debe utilizar, consulte al Departamento de Marketing de Edilians. Estos son algunos ejemplos de marcas acompa\u00f1adas de los s\u00edmbolos correspondientes: \u00abLa teja cer\u00e1mica Omega Max\u00ae\u00bb o \u00abMembrana para cubiertas Airbrane\u00ae\u00bb.<\/p>\n<p>Adem\u00e1s, no podr\u00e1 abreviar ni acortar el nombre de una Marca, tampoco podr\u00e1 utilizar un \u00abapodo\u00bb para una Marca. Por ejemplo, un uso correcto es \u00abTejas cer\u00e1micas Neoplate\u00ae\u00bb, pero la expresi\u00f3n \u00abTejas cer\u00e1micas Neop\u00bb es incorrecta.<\/p>\n<p>&nbsp;<\/p>\n<h3><b>Productos, razones sociales, nombres comerciales y esl\u00f3ganes<br \/>\n<\/b><\/h3>\n<p>No podr\u00e1 utilizar, incorporar o combinar ninguna de nuestras Marcas con sus nombres o marcas comerciales, razones sociales, esl\u00f3ganes o nombres comerciales, ni con los de terceros. Ninguna Marca podr\u00e1 utilizarse de forma que sugiera que es propiedad de un tercero distinto de Edilians. Las Marcas no deber\u00e1n utilizarse para sugerir al cliente que Edilians patrocina o fabrica el producto de un tercero, o que un tercero patrocina o fabrica un producto de Edilians. No podr\u00e1 utilizar nuestras Marcas en sus esl\u00f3ganes, ni adoptar o utilizar nuestros esl\u00f3ganes, ni en su totalidad ni en parte, como si fueran suyos. Tampoco podr\u00e1 utilizar nuestros esl\u00f3ganes de forma que confunda o induzca a error a los clientes.<\/p>\n<p>No podr\u00e1 usar ni registrar (o solicitar el registro) una marca que sea id\u00e9ntica a una de nuestras Marcas o que pueda prestar a confusi\u00f3n con una de nuestras Marcas.<\/p>\n<p>&nbsp;<\/p>\n<h3><b>Productos derivados y material publicitario<br \/>\n<\/b><\/h3>\n<p>No podr\u00e1 utilizar las Marcas en su material promocional, en especial, en productos como camisetas, bolsas, bol\u00edgrafos y otros art\u00edculos. Antes de utilizar nuestras Marcas en cualquier material publicitario o en cualquier documentaci\u00f3n, cualquiera sea el soporte empleado, deber\u00e1 obtener una autorizaci\u00f3n por escrito del Departamento de Marketing de Edilians. No podr\u00e1 imprimir nuestras Marcas o nuestros logotipos en sus documentos o en sus tarjetas de visita.<\/p>\n<p>&nbsp;<\/p>\n<h3><b>Preguntas<br \/>\n<\/b><\/h3>\n<p>Si tiene alguna pregunta sobre esta Pol\u00edtica, escriba al Departamento de Marketing a esta direcci\u00f3n:<\/p>\n<p>D\u00e9partement Marketing, Edilians S. A. S., 65, chemin du Moulin Carron, 69570 Dardilly, Francia.<\/p>\n<p>Si tiene alguna pregunta legal o sobre la propiedad intelectual, escriba al Departamento Legal a esta direcci\u00f3n:<\/p>\n<p>D\u00e9partement L\u00e9gal, Edilians S. A. S., 65, chemin du Moulin Carron, 69570 Dardilly, Francia.<\/p>\n<p>&nbsp;<\/p>\n<h2>Legislaci\u00f3n aplicable<\/h2>\n<p>Las presentes condiciones de uso y el Sitio Web en general se rigen por la legislaci\u00f3n de la Rep\u00fablica Francesa y se interpretan en consecuencia. Cualquier disputa o litigio relacionado con este Sitio web ser\u00e1 resuelto exclusivamente por los tribunales franceses.<\/p>\n<p><b><i>Edilians S. A. S. 2018-2020. Todos los derechos reservados.<br \/>\n<\/i><\/b><\/p>\n<\/div>\n[\/vc_column_text][\/vc_column][\/vc_row]\n","protected":false},"excerpt":{"rendered":"<p>[vc_row type=&#8221;in_container&#8221; full_screen_row_position=&#8221;middle&#8221; column_margin=&#8221;default&#8221; column_direction=&#8221;default&#8221; column_direction_tablet=&#8221;default&#8221; column_direction_phone=&#8221;default&#8221; scene_position=&#8221;center&#8221; text_color=&#8221;dark&#8221; text_align=&#8221;left&#8221; row_border_radius=&#8221;none&#8221; row_border_radius_applies=&#8221;bg&#8221; overflow=&#8221;visible&#8221; overlay_strength=&#8221;0.3&#8243; gradient_direction=&#8221;left_to_right&#8221; shape_divider_position=&#8221;bottom&#8221; bg_image_animation=&#8221;none&#8221;][vc_column column_padding=&#8221;no-extra-padding&#8221; column_padding_tablet=&#8221;inherit&#8221; column_padding_phone=&#8221;inherit&#8221; column_padding_position=&#8221;all&#8221; column_element_direction_desktop=&#8221;default&#8221; column_element_spacing=&#8221;default&#8221; desktop_text_alignment=&#8221;default&#8221; tablet_text_alignment=&#8221;default&#8221; phone_text_alignment=&#8221;default&#8221; background_color_opacity=&#8221;1&#8243; background_hover_color_opacity=&#8221;1&#8243; column_backdrop_filter=&#8221;none&#8221; column_shadow=&#8221;none&#8221;&#8230;<\/p>\n","protected":false},"author":4,"featured_media":0,"parent":0,"menu_order":0,"comment_status":"closed","ping_status":"closed","template":"","meta":{"footnotes":""},"class_list":["post-2938","page","type-page","status-publish"],"_links":{"self":[{"href":"https:\/\/edilians-group.com\/es\/wp-json\/wp\/v2\/pages\/2938","targetHints":{"allow":["GET"]}}],"collection":[{"href":"https:\/\/edilians-group.com\/es\/wp-json\/wp\/v2\/pages"}],"about":[{"href":"https:\/\/edilians-group.com\/es\/wp-json\/wp\/v2\/types\/page"}],"author":[{"embeddable":true,"href":"https:\/\/edilians-group.com\/es\/wp-json\/wp\/v2\/users\/4"}],"replies":[{"embeddable":true,"href":"https:\/\/edilians-group.com\/es\/wp-json\/wp\/v2\/comments?post=2938"}],"version-history":[{"count":8,"href":"https:\/\/edilians-group.com\/es\/wp-json\/wp\/v2\/pages\/2938\/revisions"}],"predecessor-version":[{"id":4935,"href":"https:\/\/edilians-group.com\/es\/wp-json\/wp\/v2\/pages\/2938\/revisions\/4935"}],"wp:attachment":[{"href":"https:\/\/edilians-group.com\/es\/wp-json\/wp\/v2\/media?parent=2938"}],"curies":[{"name":"wp","href":"https:\/\/api.w.org\/{rel}","templated":true}]}}