{"id":3110,"date":"2014-06-13T11:28:51","date_gmt":"2014-06-13T10:28:51","guid":{"rendered":"https:\/\/edilians-group.com\/gestion-de-cookies\/"},"modified":"2023-12-07T16:52:38","modified_gmt":"2023-12-07T15:52:38","slug":"gestion-de-cookies","status":"publish","type":"page","link":"https:\/\/edilians-group.com\/es\/gestion-de-cookies\/","title":{"rendered":"Gesti\u00f3n de \u00abcookies\u00bb"},"content":{"rendered":"[vc_row type=&#8221;in_container&#8221; full_screen_row_position=&#8221;middle&#8221; column_margin=&#8221;default&#8221; column_direction=&#8221;default&#8221; column_direction_tablet=&#8221;default&#8221; column_direction_phone=&#8221;default&#8221; scene_position=&#8221;center&#8221; text_color=&#8221;dark&#8221; text_align=&#8221;left&#8221; row_border_radius=&#8221;none&#8221; row_border_radius_applies=&#8221;bg&#8221; overflow=&#8221;visible&#8221; overlay_strength=&#8221;0.3&#8243; gradient_direction=&#8221;left_to_right&#8221; shape_divider_position=&#8221;bottom&#8221; bg_image_animation=&#8221;none&#8221;][vc_column column_padding=&#8221;no-extra-padding&#8221; column_padding_tablet=&#8221;inherit&#8221; column_padding_phone=&#8221;inherit&#8221; column_padding_position=&#8221;all&#8221; column_element_direction_desktop=&#8221;default&#8221; column_element_spacing=&#8221;default&#8221; desktop_text_alignment=&#8221;default&#8221; tablet_text_alignment=&#8221;default&#8221; phone_text_alignment=&#8221;default&#8221; background_color_opacity=&#8221;1&#8243; background_hover_color_opacity=&#8221;1&#8243; column_backdrop_filter=&#8221;none&#8221; column_shadow=&#8221;none&#8221; column_border_radius=&#8221;none&#8221; column_link_target=&#8221;_self&#8221; column_position=&#8221;default&#8221; gradient_direction=&#8221;left_to_right&#8221; overlay_strength=&#8221;0.3&#8243; width=&#8221;1\/1&#8243; tablet_width_inherit=&#8221;default&#8221; animation_type=&#8221;default&#8221; bg_image_animation=&#8221;none&#8221; border_type=&#8221;simple&#8221; column_border_width=&#8221;none&#8221; column_border_style=&#8221;solid&#8221;][vc_column_text]\n<h1>Gesti\u00f3n de \u00abcookies\u00bb<\/h1>\n<p>&nbsp;<\/p>\n<h2>Contexto: \u00bfQu\u00e9 es una \u00abcookie\u00bb?<\/h2>\n<p>Una \u00abcookie\u00bb es un archivo de texto que contiene una peque\u00f1a cantidad de informaci\u00f3n y que se instala en su ordenador o en su dispositivo m\u00f3vil cuando visita un sitio web por primera vez.<br \/>\nUtilizamos \u00abcookies\u00bb para mejorar el funcionamiento de nuestro sitio para nuestros usuarios. Las \u00abcookies\u00bb cumplen diversas funciones: por ejemplo, le permiten navegar sin problemas entre las p\u00e1ginas, recuerdan sus preferencias y, en general, mejoran la experiencia del usuario. Para obtener m\u00e1s informaci\u00f3n sobre las \u00abcookies\u00bb, consulte los siguientes sitios web:<\/p>\n<ul>\n<li><a href=\"http:\/\/www.allaboutcookies.org\" target=\"_blank\" rel=\"noopener\">www.allaboutcookies.org<\/a><\/li>\n<li><a href=\"http:\/\/www.aboutcookies.org\" target=\"_blank\" rel=\"noopener\">www.aboutcookies.org<\/a><\/li>\n<li><a href=\"https:\/\/www.youronlinechoices.com\/es\/\" target=\"_blank\" rel=\"noopener\">www.youronlinechoices.eu<br \/>\n<\/a><\/li>\n<\/ul>\n<p>Al utilizar nuestro sitio web, nos autoriza a instalar \u00abcookies\u00bb en su dispositivo. Esta pol\u00edtica est\u00e1 dise\u00f1ada para explicar c\u00f3mo utilizamos las \u00abcookies\u00bb y para qu\u00e9 sirven.<\/p>\n<h2>\u00abCookies\u00bb estrictamente necesarias<\/h2>\n<p>Estas \u00abcookies\u00bb son necesarias para que nuestro sitio web funcione correctamente. Las utilizamos para la cesta.<\/p>\n<h2>\u00abCookies\u00bb de seguimiento<\/h2>\n<p>Estas \u00abcookies\u00bb sirven para recoger informaci\u00f3n sobre c\u00f3mo los visitantes utilizan el sitio web, las p\u00e1ginas que m\u00e1s visitan y los mensajes de error que reciben. La informaci\u00f3n recogida es an\u00f3nima y nos ayuda a mejorar el funcionamiento de nuestro sitio. No permiten identificar a los usuarios en cuesti\u00f3n.<\/p>\n<p>Utilizamos \u00abcookies\u00bb proporcionadas por Google Analytics para medir la eficacia de nuestras publicidades y comprender c\u00f3mo utilizan nuestro sitio los visitantes. Esta informaci\u00f3n nos dice qu\u00e9 p\u00e1ginas son las m\u00e1s populares, qu\u00e9 productos interesan m\u00e1s a nuestros clientes y qu\u00e9 tipo de ofertas prefieren. Aunque Google Analytics nos lleva un registro de la informaci\u00f3n proporcionada por el sitio, nosotros controlamos el uso de estos datos. Si no desea participar en la mejora de nuestro sitio web, nuestros productos, nuestras ofertas y nuestra estrategia de marketing, puede desactivar esta herramienta de an\u00e1lisis del sitio web haciendo clic en el siguiente enlace: http:\/\/www.tools.google.com\/dlpage\/gaoptout.<\/p>\n<h2>\u00abCookies\u00bb funcionales<\/h2>\n<p>Estas \u00abcookies\u00bb nos permiten recordar elecciones que ha hecho antes (por ejemplo: su nombre de usuario, su idioma) y ofrecerle funciones m\u00e1s personalizadas. La informaci\u00f3n recogida con estas \u00abcookies\u00bb no permite rastrear su actividad en otros sitios web que visite.<\/p>\n<h2>\u00bfEst\u00e1 actualizada la informaci\u00f3n?<\/h2>\n<p>Nuestro sitio web se actualiza peri\u00f3dicamente. Esta pol\u00edtica se actualizar\u00e1 si se establecen nuevas \u00abcookies\u00bb o se modifican los par\u00e1metros.<\/p>\n<h2>Sitios web de terceros<\/h2>\n<p>Nuestro sitio web contiene enlaces a otros sitios, pero nosotros ignoramos qu\u00e9 \u00abcookies\u00bb utilizan estos sitios. Para obtener m\u00e1s informaci\u00f3n, consulte las aclaraciones que figuran en estos sitios de terceros sobre sus propias \u00abcookies\u00bb.[\/vc_column_text][\/vc_column][\/vc_row][vc_row type=&#8221;in_container&#8221; full_screen_row_position=&#8221;middle&#8221; column_margin=&#8221;default&#8221; column_direction=&#8221;default&#8221; column_direction_tablet=&#8221;default&#8221; column_direction_phone=&#8221;default&#8221; scene_position=&#8221;center&#8221; text_color=&#8221;dark&#8221; text_align=&#8221;left&#8221; row_border_radius=&#8221;none&#8221; row_border_radius_applies=&#8221;bg&#8221; overflow=&#8221;visible&#8221; overlay_strength=&#8221;0.3&#8243; gradient_direction=&#8221;left_to_right&#8221; shape_divider_position=&#8221;bottom&#8221; bg_image_animation=&#8221;none&#8221;][vc_column column_padding=&#8221;no-extra-padding&#8221; column_padding_tablet=&#8221;inherit&#8221; column_padding_phone=&#8221;inherit&#8221; column_padding_position=&#8221;all&#8221; column_element_direction_desktop=&#8221;default&#8221; column_element_spacing=&#8221;default&#8221; desktop_text_alignment=&#8221;default&#8221; tablet_text_alignment=&#8221;default&#8221; phone_text_alignment=&#8221;default&#8221; background_color_opacity=&#8221;1&#8243; background_hover_color_opacity=&#8221;1&#8243; column_backdrop_filter=&#8221;none&#8221; column_shadow=&#8221;none&#8221; column_border_radius=&#8221;none&#8221; column_link_target=&#8221;_self&#8221; column_position=&#8221;default&#8221; gradient_direction=&#8221;left_to_right&#8221; overlay_strength=&#8221;0.3&#8243; width=&#8221;1\/1&#8243; tablet_width_inherit=&#8221;default&#8221; animation_type=&#8221;default&#8221; bg_image_animation=&#8221;none&#8221; border_type=&#8221;simple&#8221; column_border_width=&#8221;none&#8221; column_border_style=&#8221;solid&#8221;][vc_raw_js]JTNDZGl2JTIwaWQlM0QlMjJtYXRvbW8tb3B0LW91dCUyMiUzRSUzQyUyRmRpdiUzRSUwQSUzQ3NjcmlwdCUyMHNyYyUzRCUyMmh0dHBzJTNBJTJGJTJGZWRpbGlhbnMubWF0b21vLmNsb3VkJTJGaW5kZXgucGhwJTNGbW9kdWxlJTNEQ29yZUFkbWluSG9tZSUyNmFjdGlvbiUzRG9wdE91dEpTJTI2ZGl2SWQlM0RtYXRvbW8tb3B0LW91dCUyNmxhbmd1YWdlJTNEZnIlMjZiYWNrZ3JvdW5kQ29sb3IlM0RGRkZGRkYlMjZmb250Q29sb3IlM0QwMDAwMDAlMjZmb250U2l6ZSUzRDEycHglMjZmb250RmFtaWx5JTNEQXJpYWwlMjZzaG93SW50cm8lM0QxJTIyJTNFJTNDJTJGc2NyaXB0JTNF[\/vc_raw_js][\/vc_column][\/vc_row]\n","protected":false},"excerpt":{"rendered":"<p>[vc_row type=&#8221;in_container&#8221; full_screen_row_position=&#8221;middle&#8221; column_margin=&#8221;default&#8221; column_direction=&#8221;default&#8221; column_direction_tablet=&#8221;default&#8221; column_direction_phone=&#8221;default&#8221; scene_position=&#8221;center&#8221; text_color=&#8221;dark&#8221; text_align=&#8221;left&#8221; row_border_radius=&#8221;none&#8221; row_border_radius_applies=&#8221;bg&#8221; overflow=&#8221;visible&#8221; overlay_strength=&#8221;0.3&#8243; gradient_direction=&#8221;left_to_right&#8221; shape_divider_position=&#8221;bottom&#8221; bg_image_animation=&#8221;none&#8221;][vc_column column_padding=&#8221;no-extra-padding&#8221; column_padding_tablet=&#8221;inherit&#8221; column_padding_phone=&#8221;inherit&#8221; column_padding_position=&#8221;all&#8221; column_element_direction_desktop=&#8221;default&#8221; column_element_spacing=&#8221;default&#8221; desktop_text_alignment=&#8221;default&#8221; tablet_text_alignment=&#8221;default&#8221; phone_text_alignment=&#8221;default&#8221; background_color_opacity=&#8221;1&#8243; background_hover_color_opacity=&#8221;1&#8243; column_backdrop_filter=&#8221;none&#8221; column_shadow=&#8221;none&#8221;&#8230;<\/p>\n","protected":false},"author":4,"featured_media":0,"parent":0,"menu_order":0,"comment_status":"closed","ping_status":"closed","template":"","meta":{"footnotes":""},"class_list":["post-3110","page","type-page","status-publish"],"_links":{"self":[{"href":"https:\/\/edilians-group.com\/es\/wp-json\/wp\/v2\/pages\/3110","targetHints":{"allow":["GET"]}}],"collection":[{"href":"https:\/\/edilians-group.com\/es\/wp-json\/wp\/v2\/pages"}],"about":[{"href":"https:\/\/edilians-group.com\/es\/wp-json\/wp\/v2\/types\/page"}],"author":[{"embeddable":true,"href":"https:\/\/edilians-group.com\/es\/wp-json\/wp\/v2\/users\/4"}],"replies":[{"embeddable":true,"href":"https:\/\/edilians-group.com\/es\/wp-json\/wp\/v2\/comments?post=3110"}],"version-history":[{"count":6,"href":"https:\/\/edilians-group.com\/es\/wp-json\/wp\/v2\/pages\/3110\/revisions"}],"predecessor-version":[{"id":3906,"href":"https:\/\/edilians-group.com\/es\/wp-json\/wp\/v2\/pages\/3110\/revisions\/3906"}],"wp:attachment":[{"href":"https:\/\/edilians-group.com\/es\/wp-json\/wp\/v2\/media?parent=3110"}],"curies":[{"name":"wp","href":"https:\/\/api.w.org\/{rel}","templated":true}]}}