{"id":3311,"date":"2022-07-27T09:32:37","date_gmt":"2022-07-27T08:32:37","guid":{"rendered":"https:\/\/edilians-group.com\/politica-de-protecao-de-dados\/"},"modified":"2023-12-04T16:54:26","modified_gmt":"2023-12-04T15:54:26","slug":"politica-de-protecao-de-dados","status":"publish","type":"page","link":"https:\/\/edilians-group.com\/pt-pt\/politica-de-protecao-de-dados\/","title":{"rendered":"Pol\u00edtica de Prote\u00e7\u00e3o de Dados"},"content":{"rendered":"[vc_row type=&#8221;in_container&#8221; full_screen_row_position=&#8221;middle&#8221; column_margin=&#8221;default&#8221; column_direction=&#8221;default&#8221; column_direction_tablet=&#8221;default&#8221; column_direction_phone=&#8221;default&#8221; scene_position=&#8221;center&#8221; text_color=&#8221;dark&#8221; text_align=&#8221;left&#8221; row_border_radius=&#8221;none&#8221; row_border_radius_applies=&#8221;bg&#8221; overflow=&#8221;visible&#8221; overlay_strength=&#8221;0.3&#8243; gradient_direction=&#8221;left_to_right&#8221; shape_divider_position=&#8221;bottom&#8221; bg_image_animation=&#8221;none&#8221;][vc_column column_padding=&#8221;no-extra-padding&#8221; column_padding_tablet=&#8221;inherit&#8221; column_padding_phone=&#8221;inherit&#8221; column_padding_position=&#8221;all&#8221; column_element_direction_desktop=&#8221;default&#8221; column_element_spacing=&#8221;default&#8221; desktop_text_alignment=&#8221;default&#8221; tablet_text_alignment=&#8221;default&#8221; phone_text_alignment=&#8221;default&#8221; background_color_opacity=&#8221;1&#8243; background_hover_color_opacity=&#8221;1&#8243; column_backdrop_filter=&#8221;none&#8221; column_shadow=&#8221;none&#8221; column_border_radius=&#8221;none&#8221; column_link_target=&#8221;_self&#8221; column_position=&#8221;default&#8221; gradient_direction=&#8221;left_to_right&#8221; overlay_strength=&#8221;0.3&#8243; width=&#8221;1\/1&#8243; tablet_width_inherit=&#8221;default&#8221; animation_type=&#8221;default&#8221; bg_image_animation=&#8221;none&#8221; border_type=&#8221;simple&#8221; column_border_width=&#8221;none&#8221; column_border_style=&#8221;solid&#8221;][vc_column_text]\n<h1>Pol\u00edtica de Prote\u00e7\u00e3o de Dados<\/h1>\n<p>&nbsp;<\/p>\n<p>A presente pol\u00edtica descreve os compromissos assumidos em mat\u00e9ria de prote\u00e7\u00e3o dos dados pessoais pelo Grupo:<\/p>\n<p><strong>EDILIANS<br \/>\n<\/strong>SAS com um capital social de 161.227.700,00 euros (\u20ac)<br \/>\n65, chemin du Moulin Carron, 69570 Dardilly, FRAN\u00c7A<br \/>\nRegistada no RCS de Lyon com o n\u00famero B 449 354 224<br \/>\n(a seguir referido como &#8220;Grupo EDILIANS&#8221;)<\/p>\n<p>A presente pol\u00edtica relativa \u00e0 prote\u00e7\u00e3o de dados (a seguir referida como &#8220;Pol\u00edtica de Confidencialidade&#8221;) aplica-se ao conte\u00fado do s\u00edtio Web <a href=\"https:\/\/edilians-group.com\/pt-pt\/\">edilians-group.com<\/a> (a seguir referido como &#8220;S\u00edtio Web&#8221;) e rege a utiliza\u00e7\u00e3o de dados pessoais pelo S\u00edtio Web ou atrav\u00e9s dos nossos servi\u00e7os. Recomendamos-lhe que leia atentamente a presente Pol\u00edtica para se certificar de que a mesma n\u00e3o cont\u00e9m nada que n\u00e3o esteja preparado(a) para aceitar. A utiliza\u00e7\u00e3o deste S\u00edtio Web implica a sua aceita\u00e7\u00e3o total e incondicional da presente Pol\u00edtica de Confidencialidade e o cumprimento da mesma. Se a Pol\u00edtica de Confidencialidade contiver disposi\u00e7\u00f5es que n\u00e3o esteja disposto(a) a aceitar, n\u00e3o ter\u00e1 autoriza\u00e7\u00e3o para utilizar este S\u00edtio Web nem poder\u00e1 utilizar os servi\u00e7os oferecidos.<\/p>\n<p>&nbsp;<\/p>\n<h2><u>1. Que leis se aplicam \u00e0 utiliza\u00e7\u00e3o dos seus dados pessoais pelo Grupo EDILIANS?<br \/>\n<\/u><\/h2>\n<p>A presente Pol\u00edtica de Confidencialidade est\u00e1 sujeita \u00e0s disposi\u00e7\u00f5es regulamentares aplic\u00e1veis em Fran\u00e7a, incluindo, nomeadamente, a Lei n.\u00ba 78-17, de 6 de janeiro de 1978, relativa \u00e0 inform\u00e1tica, aos ficheiros e \u00e0s liberdades individuais, conforme alterada, bem como ao Regulamento Europeu n.\u00ba 2016\/679, conhecido como Regulamento Geral sobre a Prote\u00e7\u00e3o de Dados (a seguir referido como &#8220;RGPD&#8221;), ou quaisquer regulamentos que os substituam ou complementem.<\/p>\n<p>&nbsp;<\/p>\n<h2><u>2. Quando e porque \u00e9 que recolhemos os seus dados pessoais?<br \/>\n<\/u><\/h2>\n<p>De uma maneira geral, pode visitar o nosso S\u00edtio Web sem nos dizer quem \u00e9 e sem nos fornecer quaisquer dados pessoais. No entanto, quando pretende aceder aos nossos servi\u00e7os, poder\u00e3o ser recolhidos determinados dados pessoais.<\/p>\n<p>&nbsp;<\/p>\n<h2><u>2.1 Que tipo de dados pessoais recolhemos?<br \/>\n<\/u><\/h2>\n<p>Os dados pessoais que podemos recolher incluem, sem que esta lista seja exaustiva, o seu nome, morada, endere\u00e7o eletr\u00f3nico, n\u00famero de telefone fixo e\/ou m\u00f3vel e quaisquer outras informa\u00e7\u00f5es recolhidas quando utiliza os nossos servi\u00e7os.<\/p>\n<p>&nbsp;<\/p>\n<h2><u>2.2 Como e porque \u00e9 que o Grupo EDILIANS recolhe os seus dados pessoais (finalidades, base jur\u00eddica do tratamento e per\u00edodo de conserva\u00e7\u00e3o)<br \/>\n<\/u><\/h2>\n<p>Para cada tratamento de dados, indicamos-lhe as finalidades, a base jur\u00eddica e o per\u00edodo de conserva\u00e7\u00e3o dos seus dados pessoais.<\/p>\n<p>&nbsp;<\/p>\n<ul>\n<li>\n<h3>Contactos<\/h3>\n<\/li>\n<\/ul>\n<p>Tratamos os seus dados pessoais recolhidos quando solicita um contacto ou uma informa\u00e7\u00e3o, a fim de lhes darmos os seguimentos adequados.<br \/>\nEste tratamento \u00e9 necess\u00e1rio para servir os nossos interesses leg\u00edtimos de dar um seguimento ao seu pedido. Os seus dados pessoais ser\u00e3o conservados durante o per\u00edodo de tempo necess\u00e1rio para satisfazer o seu pedido, acrescido de um per\u00edodo de tr\u00eas (3) anos. No caso de profissionais que nos tiverem contactado com um pedido sobre os nossos servi\u00e7os e produtos, poderemos propor-lhe o envio de comunica\u00e7\u00f5es comerciais e da nossa newsletter, salvo indica\u00e7\u00e3o em contr\u00e1rio da sua parte.<\/p>\n<p>&nbsp;<\/p>\n<ul>\n<li>\n<h3>Recrutamento<\/h3>\n<\/li>\n<\/ul>\n<p>Tratamos os seus dados pessoais recolhidos quando analisamos a candidatura que nos enviou. Este tratamento \u00e9 necess\u00e1rio para a execu\u00e7\u00e3o de dilig\u00eancias pr\u00e9-contratuais (com vista \u00e0 eventual celebra\u00e7\u00e3o de um contrato de trabalho ou de forma\u00e7\u00e3o) efetuadas a seu pedido. Os seus dados pessoais ser\u00e3o conservados durante o per\u00edodo de tempo necess\u00e1rio para o processo de recrutamento. Em caso de resultado negativo, a menos que se oponha, poderemos propor-lhe manter o seu perfil para podermos contact\u00e1-lo(a) mais tarde, caso surja uma vaga correspondente ao seu perfil. Este tratamento \u00e9 necess\u00e1rio para efeitos dos nossos interesses leg\u00edtimos de criar uma base de dados de perfis suscet\u00edveis de responder \u00e0s nossas necessidades futuras de recrutamento. Os seus dados pessoais ser\u00e3o ent\u00e3o conservados durante um per\u00edodo de dois (2) anos a contar da data do nosso \u00faltimo contacto.<\/p>\n<p>&nbsp;<\/p>\n<h2><u>3. Quem tem acesso aos seus dados pessoais?<br \/>\n<\/u><\/h2>\n<p>Apenas um n\u00famero limitado dos nossos colaboradores tem acesso aos seus dados pessoais, aos quais apenas poder\u00e3o aceder em caso de necessidade no cumprimento das suas fun\u00e7\u00f5es. Os dados pessoais que nos fornecer n\u00e3o ser\u00e3o disponibilizados a terceiros nem transmitidos, vendidos ou trocados, exceto nos casos descritos abaixo.<\/p>\n<p>Quando nos solicita um or\u00e7amento, e conforme indicado na p\u00e1gina correspondente do S\u00edtio Web, os seus dados pessoais s\u00e3o transmitidos por n\u00f3s a um ou mais (at\u00e9 tr\u00eas) assentadores qualificados, que elaborar\u00e3o um or\u00e7amento de acordo com o seu pedido e lho enviar\u00e3o. Tom\u00e1mos todas as medidas necess\u00e1rias junto destes profissionais qualificados e selecionados por n\u00f3s para garantir que os seus dados pessoais apenas ser\u00e3o utilizados por eles para este fim.<\/p>\n<p>Podemos transferir (ou disponibilizar) os seus dados pessoais a prestadores de servi\u00e7os que tratam os dados pessoais por nossa conta. Apenas transferimos o estritamente necess\u00e1rio que permita a estes terceiros executarem as respetivas presta\u00e7\u00f5es e cumprirem as suas obriga\u00e7\u00f5es contratuais.<\/p>\n<p>A fim de cumprir as leis e regulamentos obrigat\u00f3rios aplic\u00e1veis, podemos divulgar os seus dados pessoais a terceiros, incluindo as autoridades p\u00fablicas competentes.<\/p>\n<p>Quando, nas condi\u00e7\u00f5es acima referidas, os seus dados pessoais forem suscet\u00edveis de ser transferidos para fora do territ\u00f3rio da Uni\u00e3o Europeia\/Espa\u00e7o Econ\u00f3mico Europeu, a EDILIANS assegurar\u00e1 que o destinat\u00e1rio se encontra sediado num pa\u00eds que a Comiss\u00e3o Europeia atestou que assegura um n\u00edvel de prote\u00e7\u00e3o adequado e, na sua falta, que oferece as garantias adequadas necess\u00e1rias (nomeadamente recorrendo \u00e0s cl\u00e1usulas contratuais-tipo adotadas pela Comiss\u00e3o Europeia).<\/p>\n<p>&nbsp;<\/p>\n<h2><u>4. Quais s\u00e3o os seus direitos?<br \/>\n<\/u><\/h2>\n<p>Tem os direitos de acesso, retifica\u00e7\u00e3o, elimina\u00e7\u00e3o e portabilidade dos seus dados pessoais, bem como o direito de se opor ou de solicitar a limita\u00e7\u00e3o do tratamento ou de retirar o seu consentimento, nas condi\u00e7\u00f5es e dentro dos limites previstos na lei. Pode tamb\u00e9m definir e comunicar \u00e0 EDILIANS diretrizes espec\u00edficas relativas \u00e0 conserva\u00e7\u00e3o, elimina\u00e7\u00e3o e comunica\u00e7\u00e3o dos seus dados pessoais ap\u00f3s a sua morte.<\/p>\n<p>O utilizador pode exercer os seus direitos escrevendo para:<\/p>\n<p>&#8211; Correio postal: EDILIANS S.A.S. \u2013 Service Marketing Digital\/Donn\u00e9es personnelles, 65, Chemin du Moulin Carron, 69570 Dardilly, FRAN\u00c7A<br \/>\n&#8211; Correio eletr\u00f3nico: <a href=\"mailto:donneespersonnelles@edilians.com\">donneespersonnelles@edilians.com<\/a><\/p>\n<p>Se, depois de ter contactado EDILIANS, considerar que os seus direitos n\u00e3o foram respeitados ou que o(s) tratamento(s) efetuado(s) pela EDILIANS n\u00e3o est\u00e1(\u00e3o) em conformidade com a regulamenta\u00e7\u00e3o aplic\u00e1vel, pode apresentar uma queixa junto da Commission Nationale de l&#8217;Informatique et des Libert\u00e9s (CNIL), 3, place de Fontenoy, TSA 80715 75334, Paris cedex 07 (tel.: +33 1 53 73 22 22).[\/vc_column_text][\/vc_column][\/vc_row]\n","protected":false},"excerpt":{"rendered":"<p>[vc_row type=&#8221;in_container&#8221; full_screen_row_position=&#8221;middle&#8221; column_margin=&#8221;default&#8221; column_direction=&#8221;default&#8221; column_direction_tablet=&#8221;default&#8221; column_direction_phone=&#8221;default&#8221; scene_position=&#8221;center&#8221; text_color=&#8221;dark&#8221; text_align=&#8221;left&#8221; row_border_radius=&#8221;none&#8221; row_border_radius_applies=&#8221;bg&#8221; overflow=&#8221;visible&#8221; overlay_strength=&#8221;0.3&#8243; gradient_direction=&#8221;left_to_right&#8221; shape_divider_position=&#8221;bottom&#8221; bg_image_animation=&#8221;none&#8221;][vc_column column_padding=&#8221;no-extra-padding&#8221; column_padding_tablet=&#8221;inherit&#8221; column_padding_phone=&#8221;inherit&#8221; column_padding_position=&#8221;all&#8221; column_element_direction_desktop=&#8221;default&#8221; column_element_spacing=&#8221;default&#8221; desktop_text_alignment=&#8221;default&#8221; tablet_text_alignment=&#8221;default&#8221; phone_text_alignment=&#8221;default&#8221; background_color_opacity=&#8221;1&#8243; background_hover_color_opacity=&#8221;1&#8243; column_backdrop_filter=&#8221;none&#8221; column_shadow=&#8221;none&#8221;&#8230;<\/p>\n","protected":false},"author":4,"featured_media":0,"parent":0,"menu_order":0,"comment_status":"closed","ping_status":"closed","template":"","meta":{"footnotes":""},"class_list":["post-3311","page","type-page","status-publish"],"_links":{"self":[{"href":"https:\/\/edilians-group.com\/pt-pt\/wp-json\/wp\/v2\/pages\/3311","targetHints":{"allow":["GET"]}}],"collection":[{"href":"https:\/\/edilians-group.com\/pt-pt\/wp-json\/wp\/v2\/pages"}],"about":[{"href":"https:\/\/edilians-group.com\/pt-pt\/wp-json\/wp\/v2\/types\/page"}],"author":[{"embeddable":true,"href":"https:\/\/edilians-group.com\/pt-pt\/wp-json\/wp\/v2\/users\/4"}],"replies":[{"embeddable":true,"href":"https:\/\/edilians-group.com\/pt-pt\/wp-json\/wp\/v2\/comments?post=3311"}],"version-history":[{"count":3,"href":"https:\/\/edilians-group.com\/pt-pt\/wp-json\/wp\/v2\/pages\/3311\/revisions"}],"predecessor-version":[{"id":4045,"href":"https:\/\/edilians-group.com\/pt-pt\/wp-json\/wp\/v2\/pages\/3311\/revisions\/4045"}],"wp:attachment":[{"href":"https:\/\/edilians-group.com\/pt-pt\/wp-json\/wp\/v2\/media?parent=3311"}],"curies":[{"name":"wp","href":"https:\/\/api.w.org\/{rel}","templated":true}]}}