{"id":3377,"date":"2023-07-10T10:10:12","date_gmt":"2023-07-10T09:10:12","guid":{"rendered":"https:\/\/edilians-group.com\/os-nossos-relatorios-e-publicacoes\/"},"modified":"2025-04-28T13:37:01","modified_gmt":"2025-04-28T12:37:01","slug":"os-nossos-relatorios-e-publicacoes","status":"publish","type":"page","link":"https:\/\/edilians-group.com\/pt-pt\/os-nossos-relatorios-e-publicacoes\/","title":{"rendered":"Os nossos relat\u00f3rios e publica\u00e7\u00f5es"},"content":{"rendered":"[vc_row type=&#8221;full_width_background&#8221; full_screen_row_position=&#8221;middle&#8221; column_margin=&#8221;default&#8221; column_direction=&#8221;default&#8221; column_direction_tablet=&#8221;default&#8221; column_direction_phone=&#8221;default&#8221; bg_color=&#8221;#ffffff&#8221; bg_image=&#8221;1630&#8243; bg_position=&#8221;center center&#8221; background_image_loading=&#8221;default&#8221; bg_repeat=&#8221;no-repeat&#8221; scene_position=&#8221;center&#8221; top_padding=&#8221;6%&#8221; bottom_padding=&#8221;5%&#8221; text_color=&#8221;light&#8221; text_align=&#8221;left&#8221; row_border_radius=&#8221;none&#8221; row_border_radius_applies=&#8221;bg&#8221; overflow=&#8221;visible&#8221; advanced_gradient=&#8221;linear-gradient(0deg, rgba(0, 0, 0, 0.755) 26%, rgba(0, 0, 0, 0.434) 71%)&#8221; shape_divider_position=&#8221;bottom&#8221; bg_image_animation=&#8221;none&#8221; parallax_bg=&#8221;true&#8221; parallax_bg_speed=&#8221;fast&#8221; shape_type=&#8221;&#8221; gradient_type=&#8221;advanced&#8221; advanced_gradient_display_type=&#8221;linear&#8221;][vc_column column_padding=&#8221;no-extra-padding&#8221; column_padding_tablet=&#8221;inherit&#8221; column_padding_phone=&#8221;inherit&#8221; column_padding_position=&#8221;all&#8221; column_element_direction_desktop=&#8221;default&#8221; column_element_spacing=&#8221;default&#8221; desktop_text_alignment=&#8221;default&#8221; tablet_text_alignment=&#8221;default&#8221; phone_text_alignment=&#8221;default&#8221; background_color_opacity=&#8221;1&#8243; background_hover_color_opacity=&#8221;1&#8243; column_backdrop_filter=&#8221;none&#8221; column_shadow=&#8221;none&#8221; column_border_radius=&#8221;none&#8221; column_link_target=&#8221;_self&#8221; column_position=&#8221;default&#8221; gradient_direction=&#8221;left_to_right&#8221; overlay_strength=&#8221;0.3&#8243; width=&#8221;1\/1&#8243; tablet_width_inherit=&#8221;default&#8221; animation_type=&#8221;default&#8221; bg_image_animation=&#8221;none&#8221; border_type=&#8221;simple&#8221; column_border_width=&#8221;none&#8221; column_border_style=&#8221;solid&#8221;][vc_row_inner column_margin=&#8221;default&#8221; column_direction=&#8221;default&#8221; column_direction_tablet=&#8221;default&#8221; column_direction_phone=&#8221;default&#8221; text_align=&#8221;left&#8221; row_position=&#8221;default&#8221; row_position_tablet=&#8221;inherit&#8221; row_position_phone=&#8221;inherit&#8221; overflow=&#8221;visible&#8221; pointer_events=&#8221;all&#8221;][vc_column_inner column_padding=&#8221;no-extra-padding&#8221; column_padding_tablet=&#8221;inherit&#8221; column_padding_phone=&#8221;inherit&#8221; column_padding_position=&#8221;all&#8221; column_element_direction_desktop=&#8221;default&#8221; column_element_spacing=&#8221;default&#8221; centered_text=&#8221;true&#8221; desktop_text_alignment=&#8221;default&#8221; tablet_text_alignment=&#8221;default&#8221; phone_text_alignment=&#8221;default&#8221; background_color_opacity=&#8221;1&#8243; background_hover_color_opacity=&#8221;1&#8243; column_backdrop_filter=&#8221;none&#8221; column_shadow=&#8221;none&#8221; column_border_radius=&#8221;none&#8221; column_link_target=&#8221;_self&#8221; overflow=&#8221;visible&#8221; gradient_direction=&#8221;left_to_right&#8221; overlay_strength=&#8221;0.3&#8243; width=&#8221;1\/1&#8243; tablet_width_inherit=&#8221;default&#8221; animation_type=&#8221;default&#8221; enable_animation=&#8221;true&#8221; animation=&#8221;fade-in-from-bottom&#8221; animation_easing=&#8221;default&#8221; bg_image_animation=&#8221;none&#8221; border_type=&#8221;simple&#8221; column_border_width=&#8221;none&#8221; column_border_style=&#8221;solid&#8221;][nectar_highlighted_text color_type=&#8221;regular&#8221; style=&#8221;full_text&#8221; highlight_expansion=&#8221;default&#8221; custom_font_size=&#8221;48&#8243;]\n<h1><strong>Os nossos relat\u00f3rios e publica\u00e7\u00f5es<\/strong><\/h1>\n<p>&nbsp;<\/p>\n[\/nectar_highlighted_text][\/vc_column_inner][\/vc_row_inner][vc_row_inner column_margin=&#8221;default&#8221; column_direction=&#8221;default&#8221; column_direction_tablet=&#8221;default&#8221; column_direction_phone=&#8221;default&#8221; text_align=&#8221;left&#8221; row_position=&#8221;default&#8221; row_position_tablet=&#8221;inherit&#8221; row_position_phone=&#8221;inherit&#8221; overflow=&#8221;visible&#8221; pointer_events=&#8221;all&#8221;][vc_column_inner column_padding=&#8221;no-extra-padding&#8221; column_padding_tablet=&#8221;inherit&#8221; column_padding_phone=&#8221;inherit&#8221; column_padding_position=&#8221;all&#8221; column_element_direction_desktop=&#8221;default&#8221; column_element_spacing=&#8221;default&#8221; centered_text=&#8221;true&#8221; desktop_text_alignment=&#8221;default&#8221; tablet_text_alignment=&#8221;default&#8221; phone_text_alignment=&#8221;default&#8221; background_color_opacity=&#8221;1&#8243; background_hover_color_opacity=&#8221;1&#8243; column_backdrop_filter=&#8221;none&#8221; column_shadow=&#8221;none&#8221; column_border_radius=&#8221;none&#8221; column_link_target=&#8221;_self&#8221; overflow=&#8221;visible&#8221; gradient_direction=&#8221;left_to_right&#8221; overlay_strength=&#8221;0.3&#8243; width=&#8221;1\/6&#8243; tablet_width_inherit=&#8221;default&#8221; animation_type=&#8221;default&#8221; enable_animation=&#8221;true&#8221; animation=&#8221;fade-in-from-bottom&#8221; animation_easing=&#8221;default&#8221; bg_image_animation=&#8221;none&#8221; border_type=&#8221;simple&#8221; column_border_width=&#8221;none&#8221; column_border_style=&#8221;solid&#8221; delay=&#8221;200&#8243;][\/vc_column_inner][vc_column_inner column_padding=&#8221;no-extra-padding&#8221; column_padding_tablet=&#8221;inherit&#8221; column_padding_phone=&#8221;inherit&#8221; column_padding_position=&#8221;all&#8221; column_element_direction_desktop=&#8221;default&#8221; column_element_spacing=&#8221;default&#8221; desktop_text_alignment=&#8221;default&#8221; tablet_text_alignment=&#8221;default&#8221; phone_text_alignment=&#8221;default&#8221; background_color_opacity=&#8221;1&#8243; background_hover_color_opacity=&#8221;1&#8243; column_backdrop_filter=&#8221;none&#8221; column_shadow=&#8221;none&#8221; column_border_radius=&#8221;none&#8221; column_link_target=&#8221;_self&#8221; overflow=&#8221;visible&#8221; gradient_direction=&#8221;left_to_right&#8221; overlay_strength=&#8221;0.3&#8243; width=&#8221;2\/3&#8243; tablet_width_inherit=&#8221;default&#8221; animation_type=&#8221;default&#8221; enable_animation=&#8221;true&#8221; animation=&#8221;fade-in-from-bottom&#8221; animation_easing=&#8221;default&#8221; bg_image_animation=&#8221;none&#8221; border_type=&#8221;simple&#8221; column_border_width=&#8221;none&#8221; column_border_style=&#8221;solid&#8221; delay=&#8221;150&#8243;][vc_custom_heading text=&#8221;As publica\u00e7\u00f5es do GRUPO EDILIANS est\u00e3o \u00e0 sua disposi\u00e7\u00e3o.<br \/>\nAbsorva o nosso ADN e os valores que nos movem diariamente.&#8221; font_container=&#8221;tag:p|font_size:18|text_align:center|color:rgba(255%2C255%2C255%2C0.74)|line_height:28px&#8221; google_fonts=&#8221;font_family:Roboto%3A100%2C100italic%2C300%2C300italic%2Cregular%2Citalic%2C500%2C500italic%2C700%2C700italic%2C900%2C900italic|font_style:400%20regular%3A400%3Anormal&#8221; css_animation=&#8221;none&#8221; css=&#8221;.vc_custom_1693574252542{padding-right: 5% !important;padding-left: 5% !important;}&#8221;][\/vc_column_inner][vc_column_inner column_padding=&#8221;no-extra-padding&#8221; column_padding_tablet=&#8221;inherit&#8221; column_padding_phone=&#8221;inherit&#8221; column_padding_position=&#8221;all&#8221; column_element_direction_desktop=&#8221;default&#8221; column_element_spacing=&#8221;default&#8221; desktop_text_alignment=&#8221;default&#8221; tablet_text_alignment=&#8221;default&#8221; phone_text_alignment=&#8221;default&#8221; background_color_opacity=&#8221;1&#8243; background_hover_color_opacity=&#8221;1&#8243; column_backdrop_filter=&#8221;none&#8221; column_shadow=&#8221;none&#8221; column_border_radius=&#8221;none&#8221; column_link_target=&#8221;_self&#8221; overflow=&#8221;visible&#8221; gradient_direction=&#8221;left_to_right&#8221; overlay_strength=&#8221;0.3&#8243; width=&#8221;1\/6&#8243; tablet_width_inherit=&#8221;default&#8221; animation_type=&#8221;default&#8221; bg_image_animation=&#8221;none&#8221; border_type=&#8221;simple&#8221; column_border_width=&#8221;none&#8221; column_border_style=&#8221;solid&#8221;][\/vc_column_inner][\/vc_row_inner][\/vc_column][\/vc_row][vc_row type=&#8221;full_width_background&#8221; full_screen_row_position=&#8221;middle&#8221; column_margin=&#8221;default&#8221; column_direction=&#8221;default&#8221; column_direction_tablet=&#8221;default&#8221; column_direction_phone=&#8221;default&#8221; scene_position=&#8221;center&#8221; top_padding=&#8221;4%&#8221; bottom_padding=&#8221;6%&#8221; text_color=&#8221;dark&#8221; text_align=&#8221;left&#8221; row_border_radius=&#8221;none&#8221; row_border_radius_applies=&#8221;bg&#8221; overflow=&#8221;visible&#8221; overlay_strength=&#8221;0.95&#8243; gradient_direction=&#8221;left_to_right&#8221; shape_divider_position=&#8221;bottom&#8221; bg_image_animation=&#8221;none&#8221; gradient_type=&#8221;default&#8221; shape_type=&#8221;&#8221;][vc_column column_padding=&#8221;no-extra-padding&#8221; column_padding_tablet=&#8221;inherit&#8221; column_padding_phone=&#8221;inherit&#8221; column_padding_position=&#8221;all&#8221; column_element_direction_desktop=&#8221;default&#8221; column_element_spacing=&#8221;default&#8221; desktop_text_alignment=&#8221;default&#8221; tablet_text_alignment=&#8221;default&#8221; phone_text_alignment=&#8221;default&#8221; background_color_opacity=&#8221;1&#8243; background_hover_color_opacity=&#8221;1&#8243; column_backdrop_filter=&#8221;none&#8221; column_shadow=&#8221;none&#8221; column_border_radius=&#8221;none&#8221; column_link_target=&#8221;_self&#8221; column_position=&#8221;default&#8221; gradient_direction=&#8221;left_to_right&#8221; overlay_strength=&#8221;0.3&#8243; width=&#8221;1\/1&#8243; tablet_width_inherit=&#8221;default&#8221; animation_type=&#8221;default&#8221; enable_animation=&#8221;true&#8221; animation=&#8221;fade-in-from-bottom&#8221; animation_easing=&#8221;default&#8221; bg_image_animation=&#8221;none&#8221; border_type=&#8221;simple&#8221; column_border_width=&#8221;none&#8221; column_border_style=&#8221;solid&#8221;][split_line_heading animation_type=&#8221;line-reveal-by-space&#8221; font_style=&#8221;h2&#8243; text_color=&#8221;#2e3e4e&#8221; line_reveal_by_space_text_effect=&#8221;default&#8221; content_alignment=&#8221;default&#8221; mobile_content_alignment=&#8221;inherit&#8221; link_target=&#8221;_self&#8221; text_content=&#8221;\u00daltimos relat\u00f3rios&#8221; max_width=&#8221;550&#8243;]\n<h2><\/h2>\n[\/split_line_heading][vc_row_inner column_margin=&#8221;default&#8221; column_direction=&#8221;default&#8221; column_direction_tablet=&#8221;default&#8221; column_direction_phone=&#8221;default&#8221; text_align=&#8221;left&#8221; row_position=&#8221;default&#8221; row_position_tablet=&#8221;inherit&#8221; row_position_phone=&#8221;inherit&#8221; overflow=&#8221;visible&#8221; pointer_events=&#8221;all&#8221;][vc_column_inner column_padding=&#8221;no-extra-padding&#8221; column_padding_tablet=&#8221;inherit&#8221; column_padding_phone=&#8221;inherit&#8221; column_padding_position=&#8221;all&#8221; column_element_direction_desktop=&#8221;default&#8221; column_element_spacing=&#8221;default&#8221; desktop_text_alignment=&#8221;default&#8221; tablet_text_alignment=&#8221;default&#8221; phone_text_alignment=&#8221;default&#8221; background_color_opacity=&#8221;1&#8243; background_hover_color_opacity=&#8221;1&#8243; column_backdrop_filter=&#8221;none&#8221; column_shadow=&#8221;none&#8221; column_border_radius=&#8221;none&#8221; column_link_target=&#8221;_self&#8221; overflow=&#8221;visible&#8221; gradient_direction=&#8221;left_to_right&#8221; overlay_strength=&#8221;0.3&#8243; width=&#8221;1\/1&#8243; tablet_width_inherit=&#8221;default&#8221; animation_type=&#8221;default&#8221; enable_animation=&#8221;true&#8221; animation=&#8221;fade-in-from-bottom&#8221; animation_easing=&#8221;default&#8221; bg_image_animation=&#8221;none&#8221; border_type=&#8221;simple&#8221; column_border_width=&#8221;none&#8221; column_border_style=&#8221;solid&#8221;][nectar_horizontal_list_item columns=&#8221;3&#8243; column_layout_using_3_columns=&#8221;large_middle&#8221; col_1_text_align=&#8221;left&#8221; col_2_text_align=&#8221;left&#8221; col_3_text_align=&#8221;right&#8221; col_1_text_element=&#8221;p&#8221; col_2_text_element=&#8221;p&#8221; col_3_text_element=&#8221;p&#8221; cta_1_open_new_tab=&#8221;true&#8221; font_family=&#8221;h4&#8243; open_new_tab=&#8221;true&#8221; hover_effect=&#8221;default&#8221; hover_color=&#8221;accent-color&#8221; icon_family=&#8221;none&#8221; icon_size=&#8221;regular&#8221; col_1_content=&#8221;Relat\u00f3rio de RSE 2025&#8243; col_2_content=&#8221;O nosso 4\u00ba relat\u00f3rio de RSE demonstra os nossos progressos no que respeita aos nossos compromissos de sustentabilidade.&#8221; cta_1_text=&#8221;Descarregar&#8221; col_3_content=&#8221;8,3 MB&#8221; cta_1_url=&#8221;https:\/\/edilians-group.com\/wp-content\/uploads\/2023\/07\/exemple-pdf.pdf&#8221; url=&#8221;https:\/\/edilians-group.com\/wp-content\/uploads\/2025\/04\/EDILIANS_Group_RELATORIO_DE_RSE_2025.pdf&#8221;][nectar_horizontal_list_item columns=&#8221;3&#8243; column_layout_using_3_columns=&#8221;large_middle&#8221; col_1_text_align=&#8221;left&#8221; col_2_text_align=&#8221;left&#8221; col_3_text_align=&#8221;right&#8221; col_1_text_element=&#8221;p&#8221; col_2_text_element=&#8221;p&#8221; col_3_text_element=&#8221;p&#8221; cta_1_open_new_tab=&#8221;true&#8221; font_family=&#8221;h4&#8243; open_new_tab=&#8221;true&#8221; hover_effect=&#8221;default&#8221; hover_color=&#8221;accent-color&#8221; icon_family=&#8221;none&#8221; icon_size=&#8221;regular&#8221; col_1_content=&#8221;Relat\u00f3rio de RSE 2024&#8243; col_2_content=&#8221;Demonstramos o nosso empenho concreto, coletivo e realista na RSE com a publica\u00e7\u00e3o do nosso 3\u00ba relat\u00f3rio anual.&#8221; cta_1_text=&#8221;Descarregar&#8221; col_3_content=&#8221;13,9 MB&#8221; cta_1_url=&#8221;https:\/\/edilians-group.com\/wp-content\/uploads\/2023\/07\/exemple-pdf.pdf&#8221; url=&#8221;https:\/\/edilians-group.com\/wp-content\/uploads\/2024\/07\/EDILIANS_GROUP_RELATORIO_DE_RSE_2024_PT.pdf&#8221;][nectar_horizontal_list_item columns=&#8221;3&#8243; column_layout_using_3_columns=&#8221;large_middle&#8221; col_1_text_align=&#8221;left&#8221; col_2_text_align=&#8221;left&#8221; col_3_text_align=&#8221;right&#8221; col_1_text_element=&#8221;p&#8221; col_2_text_element=&#8221;p&#8221; col_3_text_element=&#8221;p&#8221; cta_1_open_new_tab=&#8221;true&#8221; font_family=&#8221;h4&#8243; open_new_tab=&#8221;true&#8221; hover_effect=&#8221;default&#8221; hover_color=&#8221;accent-color&#8221; icon_family=&#8221;none&#8221; icon_size=&#8221;regular&#8221; col_1_content=&#8221;Relat\u00f3rio de RSE 2023&#8243; col_2_content=&#8221;De modo a cumprir os compromissos que assumimos, elaboramos e publicamos anualmente o nosso relat\u00f3rio de RSE. Descubra as nossas a\u00e7\u00f5es e objetivos quantitativos nestas \u00e1reas estruturantes.&#8221; cta_1_text=&#8221;Descarregar&#8221; col_3_content=&#8221;10,8 MB&#8221; cta_1_url=&#8221;https:\/\/edilians-group.com\/wp-content\/uploads\/2023\/07\/exemple-pdf.pdf&#8221; url=&#8221;http:\/\/edilians-group.com\/wp-content\/uploads\/2023\/12\/EDILIANS_GROUP_RSE_2023_PO.pdf&#8221;][nectar_horizontal_list_item columns=&#8221;3&#8243; column_layout_using_3_columns=&#8221;large_middle&#8221; col_1_text_align=&#8221;left&#8221; col_2_text_align=&#8221;left&#8221; col_3_text_align=&#8221;right&#8221; col_1_text_element=&#8221;p&#8221; col_2_text_element=&#8221;p&#8221; col_3_text_element=&#8221;p&#8221; cta_1_open_new_tab=&#8221;true&#8221; font_family=&#8221;h4&#8243; open_new_tab=&#8221;true&#8221; hover_effect=&#8221;default&#8221; hover_color=&#8221;accent-color&#8221; icon_family=&#8221;none&#8221; icon_size=&#8221;regular&#8221; col_1_content=&#8221;Relat\u00f3rio de RSE 2022&#8243; col_2_content=&#8221;Em 2022, public\u00e1mos o nosso primeiro relat\u00f3rio de RSE, anunciando as nossas ambi\u00e7\u00f5es e objetivos em mat\u00e9ria de Responsabilidade Social das Empresas.&#8221; cta_1_text=&#8221;Descarregar&#8221; col_3_content=&#8221;9,8 MB&#8221; cta_1_url=&#8221;https:\/\/edilians-group.com\/wp-content\/uploads\/2023\/07\/exemple-pdf.pdf&#8221; url=&#8221;https:\/\/edilians.com\/media\/wysiwyg\/uploads\/Rapport_RSE_Edillians.pdf&#8221;][nectar_horizontal_list_item columns=&#8221;3&#8243; column_layout_using_3_columns=&#8221;large_middle&#8221; col_1_text_align=&#8221;left&#8221; col_2_text_align=&#8221;left&#8221; col_3_text_align=&#8221;right&#8221; col_1_text_element=&#8221;p&#8221; col_2_text_element=&#8221;p&#8221; col_3_text_element=&#8221;p&#8221; cta_1_open_new_tab=&#8221;true&#8221; font_family=&#8221;h4&#8243; open_new_tab=&#8221;true&#8221; hover_effect=&#8221;default&#8221; hover_color=&#8221;accent-color&#8221; icon_family=&#8221;none&#8221; icon_size=&#8221;regular&#8221; col_1_content=&#8221;Pol\u00edtica de Direitos Humanos&#8221; col_2_content=&#8221;A pol\u00edtica de Direitos Humanos do Grupo Edilians reflecte o nosso compromisso de atuar de forma \u00e9tica e contribuir para o desenvolvimento econ\u00f3mico, melhorando a qualidade de vida dos nossos colaboradores e partes interessadas.&#8221; cta_1_text=&#8221;Descarregar&#8221; col_3_content=&#8221;0,9 MB&#8221; cta_1_url=&#8221;https:\/\/edilians-group.com\/wp-content\/uploads\/2023\/07\/exemple-pdf.pdf&#8221; url=&#8221;https:\/\/edilians-group.com\/wp-content\/uploads\/2024\/07\/EDILIANS_POLITIQUE_DROITS_HUMAINS_PORTUGAIS.pdf&#8221;][nectar_horizontal_list_item columns=&#8221;3&#8243; column_layout_using_3_columns=&#8221;large_middle&#8221; col_1_text_align=&#8221;left&#8221; col_2_text_align=&#8221;left&#8221; col_3_text_align=&#8221;right&#8221; col_1_text_element=&#8221;p&#8221; col_2_text_element=&#8221;p&#8221; col_3_text_element=&#8221;p&#8221; font_family=&#8221;h4&#8243; open_new_tab=&#8221;true&#8221; hover_effect=&#8221;default&#8221; hover_color=&#8221;accent-color&#8221; icon_family=&#8221;none&#8221; icon_size=&#8221;regular&#8221; col_1_content=&#8221;C\u00f3digo de \u00c9tica&#8221; cta_1_text=&#8221;Descarregar&#8221; col_3_content=&#8221;0,7 MB&#8221; url=&#8221;http:\/\/edilians-group.com\/wp-content\/uploads\/2023\/12\/EDILIANS_CODE-ETHIQUE_PORTUGAIS_NEW-CHARTE_V1.pdf&#8221; col_2_content=&#8221;O cumprimento deste C\u00f3digo de \u00c9tica e Conduta Empresarial \u00e9 uma responsabilidade individual e coletiva, sendo considerado pelo Grupo Edilians como uma prioridade estrat\u00e9gica para alcan\u00e7ar a excel\u00eancia.&#8221;][nectar_horizontal_list_item columns=&#8221;3&#8243; column_layout_using_3_columns=&#8221;large_middle&#8221; col_1_text_align=&#8221;left&#8221; col_2_text_align=&#8221;left&#8221; col_3_text_align=&#8221;right&#8221; col_1_text_element=&#8221;p&#8221; col_2_text_element=&#8221;p&#8221; col_3_text_element=&#8221;p&#8221; font_family=&#8221;h4&#8243; open_new_tab=&#8221;true&#8221; hover_effect=&#8221;default&#8221; hover_color=&#8221;accent-color&#8221; icon_family=&#8221;none&#8221; icon_size=&#8221;regular&#8221; col_1_content=&#8221;Carta do Fornecedor&#8221; col_2_content=&#8221;A Carta do Fornecedor do Grupo Edilians define os princ\u00edpios aplic\u00e1veis a qualquer rela\u00e7\u00e3o comercial entre as entidades do grupo e os fornecedores e enquadra-se na abordagem de RSE do Grupo.&#8221; cta_1_text=&#8221;Descarregar&#8221; col_3_content=&#8221;1,3 MB&#8221; url=&#8221;http:\/\/edilians-group.com\/wp-content\/uploads\/2023\/12\/EDILIANS_CHARTE_ACHATS_PORTUGAIS_NEW-CHARTE_V1.pdf&#8221;][nectar_horizontal_list_item columns=&#8221;3&#8243; column_layout_using_3_columns=&#8221;large_middle&#8221; col_1_text_align=&#8221;left&#8221; col_2_text_align=&#8221;left&#8221; col_3_text_align=&#8221;right&#8221; col_1_text_element=&#8221;p&#8221; col_2_text_element=&#8221;p&#8221; col_3_text_element=&#8221;p&#8221; font_family=&#8221;h4&#8243; open_new_tab=&#8221;true&#8221; hover_effect=&#8221;default&#8221; hover_color=&#8221;accent-color&#8221; icon_family=&#8221;none&#8221; icon_size=&#8221;regular&#8221; col_1_content=&#8221;Carta de compromisso &#8211; Pacto Global das Na\u00e7\u00f5es Unidas&#8221; col_2_content=&#8221;Atrav\u00e9s desta comunica\u00e7\u00e3o, expressamos o nosso compromisso de integrar o Pacto Global e os seus princ\u00edpios na estrat\u00e9gia, cultura e opera\u00e7\u00f5es di\u00e1rias da nossa empresa, e de nos envolvermos em projectos de colabora\u00e7\u00e3o que promovam os objectivos mais amplos das Na\u00e7\u00f5es Unidas, incluindo os Objectivos de Desenvolvimento Sustent\u00e1vel (ODS).&#8221; cta_1_text=&#8221;Descarregar&#8221; col_3_content=&#8221;0,7 MB&#8221; url=&#8221;https:\/\/edilians-group.com\/wp-content\/uploads\/2024\/03\/LETTRE_ENGAGEMENT.pdf&#8221;][\/vc_column_inner][\/vc_row_inner][vc_column_text]Tem alguma pergunta? N\u00e3o hesite em <a href=\"https:\/\/edilians-group.com\/pt-pt\/contacto\/\">contactar-nos<\/a>. Teremos todo o prazer de falar consigo.[\/vc_column_text][\/vc_column][\/vc_row]\n","protected":false},"excerpt":{"rendered":"<p>[vc_row type=&#8221;full_width_background&#8221; full_screen_row_position=&#8221;middle&#8221; column_margin=&#8221;default&#8221; column_direction=&#8221;default&#8221; column_direction_tablet=&#8221;default&#8221; column_direction_phone=&#8221;default&#8221; bg_color=&#8221;#ffffff&#8221; bg_image=&#8221;1630&#8243; bg_position=&#8221;center center&#8221; background_image_loading=&#8221;default&#8221; bg_repeat=&#8221;no-repeat&#8221; scene_position=&#8221;center&#8221; top_padding=&#8221;6%&#8221; bottom_padding=&#8221;5%&#8221; text_color=&#8221;light&#8221; text_align=&#8221;left&#8221; row_border_radius=&#8221;none&#8221; row_border_radius_applies=&#8221;bg&#8221; overflow=&#8221;visible&#8221; advanced_gradient=&#8221;linear-gradient(0deg, rgba(0, 0, 0, 0.755) 26%, rgba(0, 0, 0,&#8230;<\/p>\n","protected":false},"author":4,"featured_media":0,"parent":0,"menu_order":0,"comment_status":"closed","ping_status":"closed","template":"","meta":{"footnotes":""},"class_list":["post-3377","page","type-page","status-publish"],"_links":{"self":[{"href":"https:\/\/edilians-group.com\/pt-pt\/wp-json\/wp\/v2\/pages\/3377","targetHints":{"allow":["GET"]}}],"collection":[{"href":"https:\/\/edilians-group.com\/pt-pt\/wp-json\/wp\/v2\/pages"}],"about":[{"href":"https:\/\/edilians-group.com\/pt-pt\/wp-json\/wp\/v2\/types\/page"}],"author":[{"embeddable":true,"href":"https:\/\/edilians-group.com\/pt-pt\/wp-json\/wp\/v2\/users\/4"}],"replies":[{"embeddable":true,"href":"https:\/\/edilians-group.com\/pt-pt\/wp-json\/wp\/v2\/comments?post=3377"}],"version-history":[{"count":10,"href":"https:\/\/edilians-group.com\/pt-pt\/wp-json\/wp\/v2\/pages\/3377\/revisions"}],"predecessor-version":[{"id":6636,"href":"https:\/\/edilians-group.com\/pt-pt\/wp-json\/wp\/v2\/pages\/3377\/revisions\/6636"}],"wp:attachment":[{"href":"https:\/\/edilians-group.com\/pt-pt\/wp-json\/wp\/v2\/media?parent=3377"}],"curies":[{"name":"wp","href":"https:\/\/api.w.org\/{rel}","templated":true}]}}