{"id":3382,"date":"2023-06-13T08:26:41","date_gmt":"2023-06-13T07:26:41","guid":{"rendered":"https:\/\/edilians-group.com\/comunicados-de-imprensa\/"},"modified":"2026-04-03T09:59:29","modified_gmt":"2026-04-03T08:59:29","slug":"comunicados-de-imprensa","status":"publish","type":"page","link":"https:\/\/edilians-group.com\/pt-pt\/comunicados-de-imprensa\/","title":{"rendered":"Comunicados de imprensa"},"content":{"rendered":"[vc_row type=&#8221;full_width_background&#8221; full_screen_row_position=&#8221;middle&#8221; column_margin=&#8221;default&#8221; column_direction=&#8221;default&#8221; column_direction_tablet=&#8221;default&#8221; column_direction_phone=&#8221;default&#8221; scene_position=&#8221;center&#8221; top_padding=&#8221;4%&#8221; bottom_padding=&#8221;6%&#8221; text_color=&#8221;dark&#8221; text_align=&#8221;left&#8221; row_border_radius=&#8221;none&#8221; row_border_radius_applies=&#8221;bg&#8221; overflow=&#8221;visible&#8221; overlay_strength=&#8221;0.95&#8243; gradient_direction=&#8221;left_to_right&#8221; shape_divider_position=&#8221;bottom&#8221; bg_image_animation=&#8221;none&#8221; gradient_type=&#8221;default&#8221; shape_type=&#8221;&#8221;][vc_column column_padding=&#8221;no-extra-padding&#8221; column_padding_tablet=&#8221;inherit&#8221; column_padding_phone=&#8221;inherit&#8221; column_padding_position=&#8221;all&#8221; column_element_direction_desktop=&#8221;default&#8221; column_element_spacing=&#8221;default&#8221; desktop_text_alignment=&#8221;default&#8221; tablet_text_alignment=&#8221;default&#8221; phone_text_alignment=&#8221;default&#8221; background_color_opacity=&#8221;1&#8243; background_hover_color_opacity=&#8221;1&#8243; column_backdrop_filter=&#8221;none&#8221; column_shadow=&#8221;none&#8221; column_border_radius=&#8221;none&#8221; column_link_target=&#8221;_self&#8221; column_position=&#8221;default&#8221; gradient_direction=&#8221;left_to_right&#8221; overlay_strength=&#8221;0.3&#8243; width=&#8221;1\/1&#8243; tablet_width_inherit=&#8221;default&#8221; animation_type=&#8221;default&#8221; enable_animation=&#8221;true&#8221; animation=&#8221;fade-in-from-bottom&#8221; animation_easing=&#8221;default&#8221; bg_image_animation=&#8221;none&#8221; border_type=&#8221;simple&#8221; column_border_width=&#8221;none&#8221; column_border_style=&#8221;solid&#8221;][split_line_heading animation_type=&#8221;line-reveal-by-space&#8221; font_style=&#8221;h1&#8243; text_color=&#8221;#2e3e4e&#8221; line_reveal_by_space_text_effect=&#8221;default&#8221; content_alignment=&#8221;default&#8221; mobile_content_alignment=&#8221;inherit&#8221; link_target=&#8221;_self&#8221; text_content=&#8221;Comunicados de imprensa&#8221; max_width=&#8221;550&#8243;]\n<h2><\/h2>\n[\/split_line_heading][vc_row_inner column_margin=&#8221;default&#8221; column_direction=&#8221;default&#8221; column_direction_tablet=&#8221;default&#8221; column_direction_phone=&#8221;default&#8221; text_align=&#8221;left&#8221; row_position=&#8221;default&#8221; row_position_tablet=&#8221;inherit&#8221; row_position_phone=&#8221;inherit&#8221; overflow=&#8221;visible&#8221; pointer_events=&#8221;all&#8221;][vc_column_inner column_padding=&#8221;no-extra-padding&#8221; column_padding_tablet=&#8221;inherit&#8221; column_padding_phone=&#8221;inherit&#8221; column_padding_position=&#8221;all&#8221; column_element_direction_desktop=&#8221;default&#8221; column_element_spacing=&#8221;default&#8221; desktop_text_alignment=&#8221;default&#8221; tablet_text_alignment=&#8221;default&#8221; phone_text_alignment=&#8221;default&#8221; background_color_opacity=&#8221;1&#8243; background_hover_color_opacity=&#8221;1&#8243; column_backdrop_filter=&#8221;none&#8221; column_shadow=&#8221;none&#8221; column_border_radius=&#8221;none&#8221; column_link_target=&#8221;_self&#8221; overflow=&#8221;visible&#8221; gradient_direction=&#8221;left_to_right&#8221; overlay_strength=&#8221;0.3&#8243; width=&#8221;1\/1&#8243; tablet_width_inherit=&#8221;default&#8221; animation_type=&#8221;default&#8221; enable_animation=&#8221;true&#8221; animation=&#8221;fade-in-from-bottom&#8221; animation_easing=&#8221;default&#8221; bg_image_animation=&#8221;none&#8221; border_type=&#8221;simple&#8221; column_border_width=&#8221;none&#8221; column_border_style=&#8221;solid&#8221;][nectar_horizontal_list_item columns=&#8221;3&#8243; column_layout_using_3_columns=&#8221;large_first&#8221; col_1_text_align=&#8221;left&#8221; col_2_text_align=&#8221;left&#8221; col_3_text_align=&#8221;right&#8221; col_1_text_element=&#8221;p&#8221; col_2_text_element=&#8221;p&#8221; col_3_text_element=&#8221;p&#8221; font_family=&#8221;h4&#8243; open_new_tab=&#8221;true&#8221; hover_effect=&#8221;default&#8221; hover_color=&#8221;accent-color&#8221; icon_family=&#8221;none&#8221; icon_size=&#8221;regular&#8221; col_1_content=&#8221;O Grupo EDILIANS finaliza a aquisi\u00e7\u00e3o de Industrie Cotto Possagno&#8221; col_2_content=&#8221;EDILIANS Group&#8221; cta_1_text=&#8221;Descarregar&#8221; col_3_content=&#8221;3 de abril de 2026&#8243; url=&#8221;https:\/\/edilians-group.com\/wp-content\/uploads\/2026\/04\/EDILIANS_GROUP_PR_Acquisition-Industrie-Cotto-Possagno_0426.pdf&#8221;][nectar_horizontal_list_item columns=&#8221;3&#8243; column_layout_using_3_columns=&#8221;large_first&#8221; col_1_text_align=&#8221;left&#8221; col_2_text_align=&#8221;left&#8221; col_3_text_align=&#8221;right&#8221; col_1_text_element=&#8221;p&#8221; col_2_text_element=&#8221;p&#8221; col_3_text_element=&#8221;p&#8221; font_family=&#8221;h4&#8243; open_new_tab=&#8221;true&#8221; hover_effect=&#8221;default&#8221; hover_color=&#8221;accent-color&#8221; icon_family=&#8221;none&#8221; icon_size=&#8221;regular&#8221; col_1_content=&#8221;O Grupo EDILIANS refor\u00e7a a sua presen\u00e7a no sul da Europa&#8221; col_2_content=&#8221;EDILIANS Group&#8221; cta_1_text=&#8221;Descarregar&#8221; col_3_content=&#8221;28 de janeiro de 2026&#8243; url=&#8221;https:\/\/edilians-group.com\/wp-content\/uploads\/2026\/01\/EDILIANS_GROUP_PR-Industrie-Cotto-Possagno_en.pdf&#8221;][nectar_horizontal_list_item columns=&#8221;3&#8243; column_layout_using_3_columns=&#8221;large_first&#8221; col_1_text_align=&#8221;left&#8221; col_2_text_align=&#8221;left&#8221; col_3_text_align=&#8221;right&#8221; col_1_text_element=&#8221;p&#8221; col_2_text_element=&#8221;p&#8221; col_3_text_element=&#8221;p&#8221; font_family=&#8221;h4&#8243; open_new_tab=&#8221;true&#8221; hover_effect=&#8221;default&#8221; hover_color=&#8221;accent-color&#8221; icon_family=&#8221;none&#8221; icon_size=&#8221;regular&#8221; col_1_content=&#8221;Ghislain DERVILLE junta-se ao Grupo EDILIANS como Diretor Financeiro&#8221; col_2_content=&#8221;EDILIANS Group&#8221; cta_1_text=&#8221;Descarregar&#8221; col_3_content=&#8221;20 de mar\u00e7o de 2024&#8243; url=&#8221;https:\/\/edilians-group.com\/wp-content\/uploads\/2024\/03\/EDILIANS_GROUP_G-Derville_EN-1.pdf&#8221;][nectar_horizontal_list_item columns=&#8221;3&#8243; column_layout_using_3_columns=&#8221;large_first&#8221; col_1_text_align=&#8221;left&#8221; col_2_text_align=&#8221;left&#8221; col_3_text_align=&#8221;right&#8221; col_1_text_element=&#8221;p&#8221; col_2_text_element=&#8221;p&#8221; col_3_text_element=&#8221;p&#8221; font_family=&#8221;h4&#8243; open_new_tab=&#8221;true&#8221; hover_effect=&#8221;default&#8221; hover_color=&#8221;accent-color&#8221; icon_family=&#8221;none&#8221; icon_size=&#8221;regular&#8221; col_1_content=&#8221;O Grupo EDILIANS implementa uma nova organiza\u00e7\u00e3o&#8221; col_2_content=&#8221;EDILIANS Group&#8221; cta_1_text=&#8221;Descarregar&#8221; col_3_content=&#8221;30 de janeiro de 2024&#8243; url=&#8221;https:\/\/edilians-group.com\/wp-content\/uploads\/2024\/02\/EDILIANS_GROUP_New_Organisation-1.pdf&#8221;][nectar_horizontal_list_item columns=&#8221;3&#8243; column_layout_using_3_columns=&#8221;large_first&#8221; col_1_text_align=&#8221;left&#8221; col_2_text_align=&#8221;left&#8221; col_3_text_align=&#8221;right&#8221; col_1_text_element=&#8221;p&#8221; col_2_text_element=&#8221;p&#8221; col_3_text_element=&#8221;p&#8221; font_family=&#8221;h4&#8243; open_new_tab=&#8221;true&#8221; hover_effect=&#8221;default&#8221; hover_color=&#8221;accent-color&#8221; icon_family=&#8221;none&#8221; icon_size=&#8221;regular&#8221; col_1_content=&#8221;O Grupo EDILIANS acelera o seu plano de descarboniza\u00e7\u00e3o com a aquisi\u00e7\u00e3o da empresa CERITHERM&#8221; col_2_content=&#8221;EDILIANS Group&#8221; cta_1_text=&#8221;Descarregar&#8221; col_3_content=&#8221;19 de julho de 2023&#8243; url=&#8221;https:\/\/edilians-group.com\/wp-content\/uploads\/2023\/08\/EDILIANS_ACQUISITION-CERITHERM.pdf&#8221;][nectar_horizontal_list_item columns=&#8221;3&#8243; column_layout_using_3_columns=&#8221;large_first&#8221; col_1_text_align=&#8221;left&#8221; col_2_text_align=&#8221;left&#8221; col_3_text_align=&#8221;right&#8221; col_1_text_element=&#8221;p&#8221; col_2_text_element=&#8221;p&#8221; col_3_text_element=&#8221;p&#8221; font_family=&#8221;h4&#8243; open_new_tab=&#8221;true&#8221; hover_effect=&#8221;default&#8221; hover_color=&#8221;accent-color&#8221; icon_family=&#8221;none&#8221; icon_size=&#8221;regular&#8221; col_1_content=&#8221;A EDILIANS participa na est\u00e9tica e no desenvolvimento de um dos bairros da ZAC Bastide Niel, em Bord\u00e9us&#8221; col_2_content=&#8221;EDILIANS&#8221; cta_1_text=&#8221;Descarregar&#8221; col_3_content=&#8221;17 de junho de 2023&#8243; url=&#8221;https:\/\/edilians-group.com\/wp-content\/uploads\/2023\/08\/EDILIANS_CP_BASTIDE_NIEL.pdf&#8221;][nectar_horizontal_list_item columns=&#8221;3&#8243; column_layout_using_3_columns=&#8221;large_first&#8221; col_1_text_align=&#8221;left&#8221; col_2_text_align=&#8221;left&#8221; col_3_text_align=&#8221;right&#8221; col_1_text_element=&#8221;p&#8221; col_2_text_element=&#8221;p&#8221; col_3_text_element=&#8221;p&#8221; font_family=&#8221;h4&#8243; open_new_tab=&#8221;true&#8221; hover_effect=&#8221;default&#8221; hover_color=&#8221;accent-color&#8221; icon_family=&#8221;none&#8221; icon_size=&#8221;regular&#8221; col_1_content=&#8221;A EDILIANS torna-se distribuidora oficial da gama DuPont no mercado franc\u00eas para telas de subtelha DuPontTM Tyvek\u00ae e barreiras antivapor AirGuard&#8221; col_2_content=&#8221;EDILIANS&#8221; cta_1_text=&#8221;Descarregar&#8221; col_3_content=&#8221;13 de abril de 2023&#8243; url=&#8221;https:\/\/edilians-group.com\/wp-content\/uploads\/2023\/08\/communique_de_presse-dupont-tyvek-airguard.pdf&#8221;][\/vc_column_inner][\/vc_row_inner][\/vc_column][\/vc_row]\n","protected":false},"excerpt":{"rendered":"<p>[vc_row type=&#8221;full_width_background&#8221; full_screen_row_position=&#8221;middle&#8221; column_margin=&#8221;default&#8221; column_direction=&#8221;default&#8221; column_direction_tablet=&#8221;default&#8221; column_direction_phone=&#8221;default&#8221; scene_position=&#8221;center&#8221; top_padding=&#8221;4%&#8221; bottom_padding=&#8221;6%&#8221; text_color=&#8221;dark&#8221; text_align=&#8221;left&#8221; row_border_radius=&#8221;none&#8221; row_border_radius_applies=&#8221;bg&#8221; overflow=&#8221;visible&#8221; overlay_strength=&#8221;0.95&#8243; gradient_direction=&#8221;left_to_right&#8221; shape_divider_position=&#8221;bottom&#8221; bg_image_animation=&#8221;none&#8221; gradient_type=&#8221;default&#8221; shape_type=&#8221;&#8221;][vc_column column_padding=&#8221;no-extra-padding&#8221; column_padding_tablet=&#8221;inherit&#8221; column_padding_phone=&#8221;inherit&#8221; column_padding_position=&#8221;all&#8221; column_element_direction_desktop=&#8221;default&#8221; column_element_spacing=&#8221;default&#8221; desktop_text_alignment=&#8221;default&#8221; tablet_text_alignment=&#8221;default&#8221; phone_text_alignment=&#8221;default&#8221;&#8230;<\/p>\n","protected":false},"author":4,"featured_media":0,"parent":0,"menu_order":0,"comment_status":"closed","ping_status":"closed","template":"","meta":{"footnotes":""},"class_list":["post-3382","page","type-page","status-publish"],"_links":{"self":[{"href":"https:\/\/edilians-group.com\/pt-pt\/wp-json\/wp\/v2\/pages\/3382","targetHints":{"allow":["GET"]}}],"collection":[{"href":"https:\/\/edilians-group.com\/pt-pt\/wp-json\/wp\/v2\/pages"}],"about":[{"href":"https:\/\/edilians-group.com\/pt-pt\/wp-json\/wp\/v2\/types\/page"}],"author":[{"embeddable":true,"href":"https:\/\/edilians-group.com\/pt-pt\/wp-json\/wp\/v2\/users\/4"}],"replies":[{"embeddable":true,"href":"https:\/\/edilians-group.com\/pt-pt\/wp-json\/wp\/v2\/comments?post=3382"}],"version-history":[{"count":9,"href":"https:\/\/edilians-group.com\/pt-pt\/wp-json\/wp\/v2\/pages\/3382\/revisions"}],"predecessor-version":[{"id":7293,"href":"https:\/\/edilians-group.com\/pt-pt\/wp-json\/wp\/v2\/pages\/3382\/revisions\/7293"}],"wp:attachment":[{"href":"https:\/\/edilians-group.com\/pt-pt\/wp-json\/wp\/v2\/media?parent=3382"}],"curies":[{"name":"wp","href":"https:\/\/api.w.org\/{rel}","templated":true}]}}