{"id":3532,"date":"2014-06-13T11:28:51","date_gmt":"2014-06-13T10:28:51","guid":{"rendered":"https:\/\/edilians-group.com\/gestao-de-cookies\/"},"modified":"2023-12-07T16:52:54","modified_gmt":"2023-12-07T15:52:54","slug":"gestao-de-cookies","status":"publish","type":"page","link":"https:\/\/edilians-group.com\/pt-pt\/gestao-de-cookies\/","title":{"rendered":"Gest\u00e3o de cookies"},"content":{"rendered":"[vc_row type=&#8221;in_container&#8221; full_screen_row_position=&#8221;middle&#8221; column_margin=&#8221;default&#8221; column_direction=&#8221;default&#8221; column_direction_tablet=&#8221;default&#8221; column_direction_phone=&#8221;default&#8221; scene_position=&#8221;center&#8221; text_color=&#8221;dark&#8221; text_align=&#8221;left&#8221; row_border_radius=&#8221;none&#8221; row_border_radius_applies=&#8221;bg&#8221; overflow=&#8221;visible&#8221; overlay_strength=&#8221;0.3&#8243; gradient_direction=&#8221;left_to_right&#8221; shape_divider_position=&#8221;bottom&#8221; bg_image_animation=&#8221;none&#8221;][vc_column column_padding=&#8221;no-extra-padding&#8221; column_padding_tablet=&#8221;inherit&#8221; column_padding_phone=&#8221;inherit&#8221; column_padding_position=&#8221;all&#8221; column_element_direction_desktop=&#8221;default&#8221; column_element_spacing=&#8221;default&#8221; desktop_text_alignment=&#8221;default&#8221; tablet_text_alignment=&#8221;default&#8221; phone_text_alignment=&#8221;default&#8221; background_color_opacity=&#8221;1&#8243; background_hover_color_opacity=&#8221;1&#8243; column_backdrop_filter=&#8221;none&#8221; column_shadow=&#8221;none&#8221; column_border_radius=&#8221;none&#8221; column_link_target=&#8221;_self&#8221; column_position=&#8221;default&#8221; gradient_direction=&#8221;left_to_right&#8221; overlay_strength=&#8221;0.3&#8243; width=&#8221;1\/1&#8243; tablet_width_inherit=&#8221;default&#8221; animation_type=&#8221;default&#8221; bg_image_animation=&#8221;none&#8221; border_type=&#8221;simple&#8221; column_border_width=&#8221;none&#8221; column_border_style=&#8221;solid&#8221;][vc_column_text]\n<h1>Gest\u00e3o de cookies<\/h1>\n<p>&nbsp;<\/p>\n<h2>Contexto \u2013 O que \u00e9 um cookie?<\/h2>\n<p>Um cookie \u00e9 um ficheiro de texto contendo uma pequena quantidade de informa\u00e7\u00f5es que \u00e9 instalada no seu computador ou dispositivo m\u00f3vel quando visita um s\u00edtio Web pela primeira vez.<br \/>\nUtilizamos cookies para melhorarmos o funcionamento do nosso s\u00edtio Web para os nossos utilizadores. Os cookies desempenham uma s\u00e9rie de fun\u00e7\u00f5es: por exemplo, permitem-lhe navegar de forma fluida entre p\u00e1ginas, memorizam as suas prefer\u00eancias e, de uma maneira geral, melhoram a experi\u00eancia do utilizador. Pode consultar mais informa\u00e7\u00f5es sobre os cookies nos seguintes s\u00edtios Web:<\/p>\n<ul>\n<li><a href=\"http:\/\/www.allaboutcookies.org\" target=\"_blank\" rel=\"noopener\">www.allaboutcookies.org<\/a><\/li>\n<li><a href=\"http:\/\/www.aboutcookies.org\" target=\"_blank\" rel=\"noopener\">www.aboutcookies.org<\/a><\/li>\n<li><a href=\"https:\/\/www.youronlinechoices.com\/pt\/\" target=\"_blank\" rel=\"noopener\">www.youronlinechoices.eu<br \/>\n<\/a><\/li>\n<\/ul>\n<p>Ao utilizar o nosso s\u00edtio Web, autoriza-nos a instalar cookies no seu dispositivo. Esta pol\u00edtica visa explicar-lhe de que forma utilizamos os cookies e o que fazem.<\/p>\n<h2>Cookies estritamente necess\u00e1rios<\/h2>\n<p>Estes cookies s\u00e3o necess\u00e1rios ao bom funcionamento do nosso s\u00edtio Web. Utilizamo-los para o carrinho de compras.<\/p>\n<h2>Cookies de rastreio<\/h2>\n<p>Estes cookies recolhem informa\u00e7\u00f5es sobre a forma como os visitantes utilizam o s\u00edtio Web, as p\u00e1ginas mais visitadas e as mensagens de erro recebidas. As informa\u00e7\u00f5es recolhidas s\u00e3o an\u00f3nimas e ajudam-nos a melhorar o funcionamento do nosso s\u00edtio Web. N\u00e3o permitem identificar as pessoas em causa.<\/p>\n<p>Utilizamos cookies fornecidos pelo Google Analytics para medir a efic\u00e1cia da nossa publicidade e compreender a forma como os visitantes utilizam o nosso s\u00edtio Web. Estas informa\u00e7\u00f5es permitem-nos saber quais s\u00e3o as p\u00e1ginas mais populares, os produtos que mais interessam aos nossos clientes e o tipo de ofertas que preferem. Embora seja o Google Analytics que regista em nosso nome as informa\u00e7\u00f5es fornecidas pelo s\u00edtio Web, n\u00f3s controlamos a utiliza\u00e7\u00e3o dos dados. Caso n\u00e3o pretenda participar no melhoramento do nosso s\u00edtio Web, dos nossos produtos, das nossas ofertas e da nossa estrat\u00e9gia de marketing, pode desativar esta ferramenta de an\u00e1lise de s\u00edtios Web clicando na seguinte hiperliga\u00e7\u00e3o: http:\/\/www.tools.google.com\/dlpage\/gaoptout.<\/p>\n<h2>Cookies de funcionalidade<\/h2>\n<p>Estes cookies permitem-nos recordar as escolhas feitas por si (por exemplo: o seu nome de utilizador, a sua l\u00edngua) e propor-lhe funcionalidades personalizadas mais eficientes. As informa\u00e7\u00f5es recolhidas por estes cookies n\u00e3o permitem rastrear a sua atividade noutros s\u00edtios Web que visite.<\/p>\n<h2>As informa\u00e7\u00f5es est\u00e3o atualizadas?<\/h2>\n<p>O nosso s\u00edtio Web \u00e9 atualizado regularmente. Esta pol\u00edtica ser\u00e1 atualizada em caso de implementa\u00e7\u00e3o de novos cookies ou de altera\u00e7\u00e3o dos par\u00e2metros.<\/p>\n<h2>S\u00edtios Web de terceiros<\/h2>\n<p>O nosso s\u00edtio Web cont\u00e9m hiperliga\u00e7\u00f5es que remetem para outros s\u00edtios Web, n\u00e3o sendo do nosso conhecimento que cookies os mesmos utilizam. Para mais informa\u00e7\u00f5es, consulte as informa\u00e7\u00f5es fornecidas pelos ditos s\u00edtios Web de terceiros acerca dos pr\u00f3prios cookies respetivos.[\/vc_column_text][\/vc_column][\/vc_row][vc_row type=&#8221;in_container&#8221; full_screen_row_position=&#8221;middle&#8221; column_margin=&#8221;default&#8221; column_direction=&#8221;default&#8221; column_direction_tablet=&#8221;default&#8221; column_direction_phone=&#8221;default&#8221; scene_position=&#8221;center&#8221; text_color=&#8221;dark&#8221; text_align=&#8221;left&#8221; row_border_radius=&#8221;none&#8221; row_border_radius_applies=&#8221;bg&#8221; overflow=&#8221;visible&#8221; overlay_strength=&#8221;0.3&#8243; gradient_direction=&#8221;left_to_right&#8221; shape_divider_position=&#8221;bottom&#8221; bg_image_animation=&#8221;none&#8221;][vc_column column_padding=&#8221;no-extra-padding&#8221; column_padding_tablet=&#8221;inherit&#8221; column_padding_phone=&#8221;inherit&#8221; column_padding_position=&#8221;all&#8221; column_element_direction_desktop=&#8221;default&#8221; column_element_spacing=&#8221;default&#8221; desktop_text_alignment=&#8221;default&#8221; tablet_text_alignment=&#8221;default&#8221; phone_text_alignment=&#8221;default&#8221; background_color_opacity=&#8221;1&#8243; background_hover_color_opacity=&#8221;1&#8243; column_backdrop_filter=&#8221;none&#8221; column_shadow=&#8221;none&#8221; column_border_radius=&#8221;none&#8221; column_link_target=&#8221;_self&#8221; column_position=&#8221;default&#8221; gradient_direction=&#8221;left_to_right&#8221; overlay_strength=&#8221;0.3&#8243; width=&#8221;1\/1&#8243; tablet_width_inherit=&#8221;default&#8221; animation_type=&#8221;default&#8221; bg_image_animation=&#8221;none&#8221; border_type=&#8221;simple&#8221; column_border_width=&#8221;none&#8221; column_border_style=&#8221;solid&#8221;][vc_raw_js]JTNDZGl2JTIwaWQlM0QlMjJtYXRvbW8tb3B0LW91dCUyMiUzRSUzQyUyRmRpdiUzRSUwQSUzQ3NjcmlwdCUyMHNyYyUzRCUyMmh0dHBzJTNBJTJGJTJGZWRpbGlhbnMubWF0b21vLmNsb3VkJTJGaW5kZXgucGhwJTNGbW9kdWxlJTNEQ29yZUFkbWluSG9tZSUyNmFjdGlvbiUzRG9wdE91dEpTJTI2ZGl2SWQlM0RtYXRvbW8tb3B0LW91dCUyNmxhbmd1YWdlJTNEZnIlMjZiYWNrZ3JvdW5kQ29sb3IlM0RGRkZGRkYlMjZmb250Q29sb3IlM0QwMDAwMDAlMjZmb250U2l6ZSUzRDEycHglMjZmb250RmFtaWx5JTNEQXJpYWwlMjZzaG93SW50cm8lM0QxJTIyJTNFJTNDJTJGc2NyaXB0JTNF[\/vc_raw_js][\/vc_column][\/vc_row]\n","protected":false},"excerpt":{"rendered":"<p>[vc_row type=&#8221;in_container&#8221; full_screen_row_position=&#8221;middle&#8221; column_margin=&#8221;default&#8221; column_direction=&#8221;default&#8221; column_direction_tablet=&#8221;default&#8221; column_direction_phone=&#8221;default&#8221; scene_position=&#8221;center&#8221; text_color=&#8221;dark&#8221; text_align=&#8221;left&#8221; row_border_radius=&#8221;none&#8221; row_border_radius_applies=&#8221;bg&#8221; overflow=&#8221;visible&#8221; overlay_strength=&#8221;0.3&#8243; gradient_direction=&#8221;left_to_right&#8221; shape_divider_position=&#8221;bottom&#8221; bg_image_animation=&#8221;none&#8221;][vc_column column_padding=&#8221;no-extra-padding&#8221; column_padding_tablet=&#8221;inherit&#8221; column_padding_phone=&#8221;inherit&#8221; column_padding_position=&#8221;all&#8221; column_element_direction_desktop=&#8221;default&#8221; column_element_spacing=&#8221;default&#8221; desktop_text_alignment=&#8221;default&#8221; tablet_text_alignment=&#8221;default&#8221; phone_text_alignment=&#8221;default&#8221; background_color_opacity=&#8221;1&#8243; background_hover_color_opacity=&#8221;1&#8243; column_backdrop_filter=&#8221;none&#8221; column_shadow=&#8221;none&#8221;&#8230;<\/p>\n","protected":false},"author":4,"featured_media":0,"parent":0,"menu_order":0,"comment_status":"closed","ping_status":"closed","template":"","meta":{"footnotes":""},"class_list":["post-3532","page","type-page","status-publish"],"_links":{"self":[{"href":"https:\/\/edilians-group.com\/pt-pt\/wp-json\/wp\/v2\/pages\/3532","targetHints":{"allow":["GET"]}}],"collection":[{"href":"https:\/\/edilians-group.com\/pt-pt\/wp-json\/wp\/v2\/pages"}],"about":[{"href":"https:\/\/edilians-group.com\/pt-pt\/wp-json\/wp\/v2\/types\/page"}],"author":[{"embeddable":true,"href":"https:\/\/edilians-group.com\/pt-pt\/wp-json\/wp\/v2\/users\/4"}],"replies":[{"embeddable":true,"href":"https:\/\/edilians-group.com\/pt-pt\/wp-json\/wp\/v2\/comments?post=3532"}],"version-history":[{"count":10,"href":"https:\/\/edilians-group.com\/pt-pt\/wp-json\/wp\/v2\/pages\/3532\/revisions"}],"predecessor-version":[{"id":3904,"href":"https:\/\/edilians-group.com\/pt-pt\/wp-json\/wp\/v2\/pages\/3532\/revisions\/3904"}],"wp:attachment":[{"href":"https:\/\/edilians-group.com\/pt-pt\/wp-json\/wp\/v2\/media?parent=3532"}],"curies":[{"name":"wp","href":"https:\/\/api.w.org\/{rel}","templated":true}]}}