{"id":3615,"date":"2014-06-06T08:50:57","date_gmt":"2014-06-06T07:50:57","guid":{"rendered":"https:\/\/edilians-group.com\/informacao-juridica\/"},"modified":"2024-12-05T12:11:02","modified_gmt":"2024-12-05T11:11:02","slug":"informacao-juridica","status":"publish","type":"page","link":"https:\/\/edilians-group.com\/pt-pt\/informacao-juridica\/","title":{"rendered":"Informa\u00e7\u00e3o jur\u00eddica"},"content":{"rendered":"[vc_row type=&#8221;in_container&#8221; full_screen_row_position=&#8221;middle&#8221; column_margin=&#8221;default&#8221; column_direction=&#8221;default&#8221; column_direction_tablet=&#8221;default&#8221; column_direction_phone=&#8221;default&#8221; scene_position=&#8221;center&#8221; text_color=&#8221;dark&#8221; text_align=&#8221;left&#8221; row_border_radius=&#8221;none&#8221; row_border_radius_applies=&#8221;bg&#8221; overflow=&#8221;visible&#8221; overlay_strength=&#8221;0.3&#8243; gradient_direction=&#8221;left_to_right&#8221; shape_divider_position=&#8221;bottom&#8221; bg_image_animation=&#8221;none&#8221;][vc_column column_padding=&#8221;no-extra-padding&#8221; column_padding_tablet=&#8221;inherit&#8221; column_padding_phone=&#8221;inherit&#8221; column_padding_position=&#8221;all&#8221; column_element_direction_desktop=&#8221;default&#8221; column_element_spacing=&#8221;default&#8221; desktop_text_alignment=&#8221;default&#8221; tablet_text_alignment=&#8221;default&#8221; phone_text_alignment=&#8221;default&#8221; background_color_opacity=&#8221;1&#8243; background_hover_color_opacity=&#8221;1&#8243; column_backdrop_filter=&#8221;none&#8221; column_shadow=&#8221;none&#8221; column_border_radius=&#8221;none&#8221; column_link_target=&#8221;_self&#8221; column_position=&#8221;default&#8221; gradient_direction=&#8221;left_to_right&#8221; overlay_strength=&#8221;0.3&#8243; width=&#8221;1\/1&#8243; tablet_width_inherit=&#8221;default&#8221; animation_type=&#8221;default&#8221; bg_image_animation=&#8221;none&#8221; border_type=&#8221;simple&#8221; column_border_width=&#8221;none&#8221; column_border_style=&#8221;solid&#8221;][vc_column_text text_direction=&#8221;default&#8221;]\n<h1>Informa\u00e7\u00e3o jur\u00eddica<\/h1>\n<div>\n<div>\n<p>O acesso a este s\u00edtio Web &#8220;edilians.com&#8221; (o &#8220;S\u00edtio&#8221;) implica a aceita\u00e7\u00e3o plena e incondicional do utilizador e o cumprimento das seguintes disposi\u00e7\u00f5es.<\/p>\n<p>Este s\u00edtio Web \u00e9 editado por e \u00e9 propriedade de: <b>EDILIANS <\/b><b>S.A.S.<\/b>, com um capital social de 161.227.700,00 euros<\/p>\n<p class=\"Default\">65, chemin du Moulin Carron, 69570 Dardilly, FRAN\u00c7A<\/p>\n<p class=\"Default\">Tel.: +33 (0)4 72 52 02 72<\/p>\n<p class=\"Default\">Correio eletr\u00f3nico: contact@edilians.com<\/p>\n<p class=\"Default\">Registada no RCS de Lyon com o n\u00famero B 449 354 224 TVA Intracommunautaire : FR 43 449 354 224 a seguir designada por &#8220;EDILIANS&#8221;.<br \/>\nSYDEREP Edilians SAS N\u00famero IDU: FR232442_04SDJI<br \/>\nEdilians Tech SYDEREP IDU n\u00famero: FR218271_04QPHX<\/p>\n<p>O diretor da publica\u00e7\u00e3o \u00e9 Pascal CASANOVA, na sua qualidade de presidente da EDILIANS.<\/p>\n<p>Empresa de alojamento: atrav\u00e9s da Magento, Inc, 345 Park Avenue, San Jos\u00e9, CA 95110, E.U.A., utilizando os servi\u00e7os de alojamento na Rep\u00fablica da Irlanda da Amazon Web Services, Inc, <strong>410 Terry Avenue North, Seattle, WA 98109-5210, <\/strong>E.U.A. (s\u00edtio Web: <a href=\"https:\/\/aws.amazon.com\/pt\/\">www.aws.amazon.com)<\/a>.<\/p>\n<p>&nbsp;<\/p>\n<\/div>\n<h2>Cr\u00e9ditos<\/h2>\n<p>O s\u00edtio foi criado por : Business &amp; Decision S.A., com um capital social de 551.808,25 euros<\/p>\n<p>Sede social: 153 rue de Courcelles, 75817 Paris cedex 17, FRAN\u00c7A<\/p>\n<p>Estabelecimento secund\u00e1rio: 45, Quai Charles de Gaulle, 69006 Lyon<br \/>\nRegistada no RCS de <strong>Paris <\/strong>o n\u00famero<strong>:<\/strong> 384 518 114 B<\/p>\n<p>Tel.: +33 (0)1 56 21 21 21 (Paris) ou +33 (0) 4 37 47 32 40 (Lyon)<\/p>\n<p>&nbsp;<\/p>\n<h2>Propriedade intelectual<\/h2>\n<p>Cr\u00e9ditos fotogr\u00e1ficos: Sabine Serrad\/Jean-Baptiste Vetter\/R\u00e9mi Portier<\/p>\n<p>As cores apresentadas nestas fotografias n\u00e3o s\u00e3o contratuais e podem n\u00e3o ser totalmente fi\u00e9is \u00e0 realidade. Para confirmar a sua escolha, contacte o nosso servi\u00e7o &#8220;Enviar amostras&#8221;.<\/p>\n<p>A arquitetura geral, bem como o software, os conte\u00fados, as imagens, os v\u00eddeos, os sons, os processos, os slogans, os textos, o produto, a tecnologia e a<br \/>\n<i>know-how local <\/i>em geral, bem como qualquer outro elemento que fa\u00e7a parte deste s\u00edtio, est\u00e3o protegidos por direitos de propriedade intelectual e industrial, pertencentes exclusivamente \u00e0 EDILIANS ou aos seus licenciantes. Todos os elementos visuais, registados ou n\u00e3o como marcas comerciais ou n\u00e3o, acompanhados ou n\u00e3o dos acr\u00f3nimos \u00ae, \u2122, \u2120 ou \u00a9, e, de um modo geral, todas as informa\u00e7\u00f5es que aparecem no Site s\u00e3o propriedade exclusiva da EDILIANS ou de terceiros com os quais a EDILIANS celebrou acordos que permitem essa utiliza\u00e7\u00e3o ou concedem essa autoriza\u00e7\u00e3o. O utilizador n\u00e3o tem o direito de os reproduzir ou distribuir, seja por que meio for, sem o consentimento pr\u00e9vio da EDILIANS ou, se for caso disso, dos referidos terceiros interessados.<\/p>\n<p>As marcas e os log\u00f3tipos da EDILIANS e qualquer vers\u00e3o deles derivada, bem como as marcas dos seus parceiros comerciais, quer sejam ou n\u00e3o propriedade da EDILIANS, s\u00e3o marcas protegidas. Qualquer reprodu\u00e7\u00e3o total ou parcial destas marcas e\/ou log\u00f3tipos efectuada atrav\u00e9s deste Site, sem a autoriza\u00e7\u00e3o pr\u00e9via expressa da EDILIANS ou contr\u00e1ria \u00e0 <i>&#8220;Pol\u00edtica de utiliza\u00e7\u00e3o das marcas do Grupo Edilians<\/i> &#8220;, \u00e9 proibida em conformidade com as disposi\u00e7\u00f5es do C\u00f3digo da Propriedade Intelectual franc\u00eas.<\/p>\n<p>Qualquer utiliza\u00e7\u00e3o, total ou parcial, c\u00f3pia, reprodu\u00e7\u00e3o, publica\u00e7\u00e3o, modifica\u00e7\u00e3o, adapta\u00e7\u00e3o, tradu\u00e7\u00e3o, representa\u00e7\u00e3o ou distribui\u00e7\u00e3o do presente s\u00edtio e do seu conte\u00fado, sob qualquer forma, sem a autoriza\u00e7\u00e3o pr\u00e9via e expressa da EDILIANS ou contr\u00e1ria ao &#8220;<i>Pol\u00edtica de utiliza\u00e7\u00e3o das marcas registadas do Grupo Edilians<\/i>&#8220;. Qualquer utiliza\u00e7\u00e3o deste s\u00edtio Web, incluindo mas n\u00e3o se limitando \u00e0 reprodu\u00e7\u00e3o, distribui\u00e7\u00e3o, publica\u00e7\u00e3o, publica\u00e7\u00e3o total ou parcial, sob qualquer forma, \u00e9 proibida e ser\u00e1 considerada como uma infra\u00e7\u00e3o \u00e0s disposi\u00e7\u00f5es do C\u00f3digo da Propriedade Intelectual franc\u00eas, o que pode dar origem a responsabilidade civil e\/ou criminal por parte do seu autor. A EDILIANS reserva-se o direito de tomar medidas legais contra qualquer pessoa que tenha agido em viola\u00e7\u00e3o dos direitos aqui mencionados.<\/p>\n<p>EDILIANS pro\u00edbe expressamente :<\/p>\n<ul>\n<li>a extra\u00e7\u00e3o, por transfer\u00eancia permanente ou tempor\u00e1ria, da totalidade ou de uma parte qualitativa ou quantitativamente substancial do conte\u00fado de uma base de dados para outro suporte, por qualquer meio e sob qualquer forma;<\/li>\n<li>a reutiliza\u00e7\u00e3o, atrav\u00e9s da coloca\u00e7\u00e3o \u00e0 disposi\u00e7\u00e3o do p\u00fablico, da totalidade ou de uma parte qualitativa ou quantitativamente substancial do conte\u00fado de uma base de dados, qualquer que seja a sua forma.<\/li>\n<\/ul>\n<h2>Limita\u00e7\u00e3o da responsabilidade<\/h2>\n<p>QUALQUER INFORMA\u00c7\u00c3O FORNECIDA A QUALQUER UTILIZADOR NESTE S\u00cdTIO WEB \u00c9 FORNECIDA NUMA BASE &#8220;TAL COMO <i>EST\u00c1<\/i>&#8221;<br \/>\n&#8220;SEM QUALQUER TIPO DE GARANTIA, EXPRESSA OU IMPL\u00cdCITA, INCLUINDO, MAS N\u00c3O SE LIMITANDO A, GARANTIAS IMPL\u00cdCITAS DE COMERCIALIZA\u00c7\u00c3O, ADEQUA\u00c7\u00c3O A UM DETERMINADO FIM OU N\u00c3O INFRAC\u00c7\u00c3O; A EDILIANS N\u00c3O GARANTE QUE O ACESSO AO S\u00cdTIO WEB SEJA ININTERRUPTO, QUE O S\u00cdTIO WEB SEJA SEGURO E ISENTO DE V\u00cdRUS OU OUTROS COMPONENTES NOCIVOS, OU QUE A INFORMA\u00c7\u00c3O NO S\u00cdTIO WEB SEJA SEMPRE COMPLETA, EXACTA E ACTUALIZADA.<\/p>\n<p>Qualquer descarregamento ou rece\u00e7\u00e3o de dados atrav\u00e9s do S\u00edtio EDILIANS \u00e9 efectuado &#8220;por conta e risco do utilizador&#8221; e a EDILIANS n\u00e3o aceita qualquer responsabilidade relativamente a esse descarregamento ou rece\u00e7\u00e3o de dados.<\/p>\n<p>A EDILIANS n\u00e3o garante de modo algum a exatid\u00e3o, a pertin\u00eancia ou a atualiza\u00e7\u00e3o das informa\u00e7\u00f5es contidas nos documentos colocados \u00e0 disposi\u00e7\u00e3o dos utilizadores ou que estes possam descarregar a partir deste s\u00edtio Web. As informa\u00e7\u00f5es e os documentos colocados \u00e0 disposi\u00e7\u00e3o dos utilizadores do Site s\u00e3o fornecidos a t\u00edtulo meramente informativo e n\u00e3o substituem a opini\u00e3o de um profissional da EDILIANS. A escolha dos produtos deve ter em conta as especificidades dos processos e equipamentos de cada cliente e basear-se num estudo pr\u00e9vio detalhado efectuado pelas equipas t\u00e9cnicas da EDILIANS. Por conseguinte, a EDILIANS n\u00e3o pode ser responsabilizada pela utiliza\u00e7\u00e3o que os utilizadores fazem deste s\u00edtio ou pelos documentos fornecidos atrav\u00e9s do s\u00edtio.<\/p>\n<p>As informa\u00e7\u00f5es contidas neste s\u00edtio podem ser modificadas, corrigidas e\/ou completadas em qualquer altura sem aviso pr\u00e9vio.<\/p>\n<p>Sob reserva da cria\u00e7\u00e3o de um link para o Site da EDILIANS de acordo com a <i>&#8220;Pol\u00edtica de Utiliza\u00e7\u00e3o das Marcas do Grupo Edilians<\/i> &#8220;, nenhum link para os Sites da EDILIANS pode ser feito por terceiros sem a autoriza\u00e7\u00e3o pr\u00e9via e expressa da EDILIANS. Uma vez devidamente aprovada pela EDILIANS, qualquer liga\u00e7\u00e3o a este S\u00edtio deve conduzir \u00e0 p\u00e1gina inicial. A cria\u00e7\u00e3o de uma liga\u00e7\u00e3o a este s\u00edtio por um s\u00edtio de terceiros n\u00e3o deve ser interpretada como a express\u00e3o da exist\u00eancia de uma rela\u00e7\u00e3o entre EDILIANS e o propriet\u00e1rio desse s\u00edtio de terceiros.<\/p>\n<p>Este s\u00edtio pode conter liga\u00e7\u00f5es a outros s\u00edtios Web geridos por outras empresas. A EDILIANS n\u00e3o patrocina, controla ou monitoriza estes s\u00edtios. A EDILIANS n\u00e3o \u00e9 respons\u00e1vel pelo conte\u00fado desses sites de terceiros, aos quais o utilizador acede por sua conta e risco.<\/p>\n<p>Regra geral, o s\u00edtio EDILIANS est\u00e1 acess\u00edvel 24 horas por dia, 7 dias por semana. No entanto, a EDILIANS pode, a seu exclusivo crit\u00e9rio, suspender, interromper ou cancelar o acesso \u00e0 totalidade ou a parte do S\u00edtio nos seguintes casos n\u00e3o exaustivos: for\u00e7a maior, dificuldades inform\u00e1ticas, dificuldades relacionadas com a estrutura da rede de telecomunica\u00e7\u00f5es ou de natureza t\u00e9cnica, ou por raz\u00f5es de manuten\u00e7\u00e3o.<\/p>\n<p>Ao utilizar este s\u00edtio Web, cada utilizador compromete-se a n\u00e3o prejudicar a ordem p\u00fablica, a cumprir as leis e os regulamentos em vigor e a respeitar os direitos de terceiros e as disposi\u00e7\u00f5es do presente documento.<\/p>\n<p>O utilizador compromete-se a indemnizar e a isentar de responsabilidade a EDILIANS, as suas subsidi\u00e1rias, funcion\u00e1rios, directores, empregados, representantes e agentes de e contra todas e quaisquer reclama\u00e7\u00f5es, exig\u00eancias, perdas, responsabilidades e\/ou danos (incluindo honor\u00e1rios legais razo\u00e1veis e despesas legais) resultantes da utiliza\u00e7\u00e3o do S\u00edtio ou de qualquer viola\u00e7\u00e3o do conte\u00fado deste aviso legal.<\/p>\n<h2>Pol\u00edtica de prote\u00e7\u00e3o de dados e de cookies<\/h2>\n<p>Este s\u00edtio Web utiliza dados pessoais e cookies. Os utilizadores devem consultar a pol\u00edtica de <a href=\"https:\/\/edilians.com\/politique-cookies\">prote\u00e7\u00e3o de dados e de cookies <\/a>da EDILIANS no S\u00edtio.<\/p>\n<p>&nbsp;<\/p>\n<h2>Pol\u00edtica de utiliza\u00e7\u00e3o da marca registada do Grupo EDILIANS<\/h2>\n<p>As marcas utilizadas pela EDILIANS e suas filiais (&#8220;Grupo Edilians&#8221;), reconhecidas pelos clientes em todo o mundo, s\u00e3o um ativo extremamente valioso na promo\u00e7\u00e3o dos seus produtos e servi\u00e7os. A utiliza\u00e7\u00e3o correcta destas marcas ajuda a preservar e a aumentar o seu valor. A presente pol\u00edtica (&#8220;Pol\u00edtica&#8221;) aplica-se \u00e0s marcas registadas do Grupo Edilians, de modo a facilitar a sua utiliza\u00e7\u00e3o coerente e compat\u00edvel.<\/p>\n<p>&nbsp;<\/p>\n<h3><b>Marcas<br \/>\n<\/b><\/h3>\n<p>O Grupo Edilians possui in\u00fameras marcas registadas para os seus produtos e servi\u00e7os (&#8220;Marca(s)&#8221;). A maioria, se n\u00e3o todos, os nomes de produtos s\u00e3o Marcas. O Grupo Edilians reserva-se todos os direitos de propriedade das suas Marcas, incluindo o nome e o log\u00f3tipo EDILIANS. A palavra &#8220;Edilians&#8221; e o log\u00f3tipo da concha s\u00e3o exemplos de marcas registadas. O utilizador n\u00e3o pode utilizar as Marcas sem o consentimento pr\u00e9vio por escrito do Departamento de Marketing da EDILIANS e em conformidade com as suas directrizes.<\/p>\n<p>Se uma marca aparecer nos produtos, na embalagem ou na documenta\u00e7\u00e3o de venda fornecida, o utilizador n\u00e3o a pode remover, ocultar ou modificar.<\/p>\n<p>A imagem, apresenta\u00e7\u00e3o ou imagem comercial da EDILIANS est\u00e1 relacionada com o aspeto e a apar\u00eancia da nossa empresa. Este estilo incorpora o formato, as cores, os modelos, as embalagens, as etiquetas, os sinais, os cartazes ou qualquer outro material, promocional ou n\u00e3o, criado pela EDILIANS. \u00c9 proibido copiar ou imitar a imagem, a apresenta\u00e7\u00e3o ou a embalagem comercial da EDILIANS.<\/p>\n<p>&nbsp;<\/p>\n<h3><b>Utiliza\u00e7\u00e3o<br \/>\n<\/b><\/h3>\n<p>O utilizador pode utilizar as nossas Marcas para fazer refer\u00eancia aos nossos produtos ou servi\u00e7os, desde que essas refer\u00eancias sejam adequadas e estejam em conformidade com a Pol\u00edtica. Qualquer utiliza\u00e7\u00e3o n\u00e3o prevista ou n\u00e3o autorizada no \u00e2mbito da Pol\u00edtica deve ser objeto de uma autoriza\u00e7\u00e3o pr\u00e9via por escrito do Departamento de Marketing da EDILIANS.<\/p>\n<p>&nbsp;<\/p>\n<h3><b>Liga\u00e7\u00e3o \u00e0 Internet e nome de dom\u00ednio<br \/>\n<\/b><\/h3>\n<p>Pode criar uma liga\u00e7\u00e3o ao nosso s\u00edtio Web<a href=\"https:\/\/edilians.eu\/\"> https:\/\/edilians.com<\/a> do seu, desde que o utilizador da Internet seja informado de que ser\u00e1 reencaminhado para o s\u00edtio Web de EDILIANS, na sua p\u00e1gina inicial, da seguinte forma: &#8220;<i>Clique aqui para visitar o s\u00edtio Web da Edilians<\/i>&#8221; ou &#8220;<i>Ao clicar nesta hiperliga\u00e7\u00e3o, ser\u00e1 encaminhado para o s\u00edtio Web da Edilians<\/i>&#8221; Qualquer outro m\u00e9todo ou f\u00f3rmula de reencaminhamento deve ser previamente autorizado por escrito pelo Departamento de Marketing da Edilians.<\/p>\n<p>O Utilizador n\u00e3o pode registar nomes de dom\u00ednio que incorporem as nossas Marcas Comerciais ou nomes comerciais, nem utilizar subdom\u00ednios para os incorporar. Esta proibi\u00e7\u00e3o inclui a marca Edilians.<\/p>\n<p>&nbsp;<\/p>\n<h3><b>Atribui\u00e7\u00e3o de direitos de propriedade<br \/>\n<\/b><\/h3>\n<p>Se utilizar as Marcas no seu s\u00edtio Web ou se fizer refer\u00eancia \u00e0s mesmas nos seus documentos comerciais impressos ou na publicidade aos produtos ou servi\u00e7os do Grupo Edilians, dever\u00e1 inserir um aviso no seu documento informando o leitor do propriet\u00e1rio da Marca. A propriedade \u00e9 geralmente atribu\u00edda nos cr\u00e9ditos de um documento impresso, inseridos imediatamente ap\u00f3s o aviso de direitos de autor. Eis um exemplo de atribui\u00e7\u00e3o correcta: &#8220;Airbrane\u00ae \u00e9 uma marca registada da Edilians S.A.S.&#8221;<\/p>\n<p>N\u00e3o \u00e9 necess\u00e1rio atribuir a propriedade de uma marca \u00e0 Edilians se esta for inclu\u00edda com o s\u00edmbolo adequado num comunicado de imprensa. Qualquer utiliza\u00e7\u00e3o autorizada de uma marca deve ser acompanhada do s\u00edmbolo de direito de propriedade intelectual adequado. Se n\u00e3o tiver a certeza de qual o s\u00edmbolo a utilizar, consulte o servi\u00e7o comercial da EDILIANS. Eis alguns exemplos de marcas acompanhadas dos respectivos s\u00edmbolos: &#8220;telhas de barro Omega Max\u00ae&#8221;, ou &#8220;membrana de cobertura Airbrane\u00ae&#8221;.<\/p>\n<p>Al\u00e9m disso, o utilizador n\u00e3o pode abreviar, encurtar ou utilizar uma &#8220;alcunha&#8221; para uma Marca. Por exemplo, uma utiliza\u00e7\u00e3o conforme \u00e9 &#8220;Neoplate\u00ae Clay Tiles&#8221;, enquanto esta utiliza\u00e7\u00e3o \u00e9 &#8220;Neop Clay Tiles&#8221;<\/p>\n<p>&nbsp;<\/p>\n<h3><b>Produtos, nomes de empresas, nomes comerciais e slogans<br \/>\n<\/b><\/h3>\n<p>O utilizador n\u00e3o pode utilizar, incorporar ou combinar qualquer uma das nossas Marcas com os seus nomes ou marcas comerciais, nomes de empresas, slogans ou nomes comerciais ou de terceiros. Nenhuma marca registada pode ser utilizada de forma a sugerir que \u00e9 propriedade de um terceiro que n\u00e3o a EDILIANS. As Marcas n\u00e3o devem ser utilizadas para sugerir ao Cliente que a EDILIANS patrocina ou fabrica um produto de um terceiro, ou que um terceiro patrocina ou fabrica um produto EDILIANS. O utilizador n\u00e3o pode utilizar as nossas Marcas nos seus slogans, nem pode adotar ou utilizar os nossos slogans, no todo ou em parte, como se fossem seus. O utilizador n\u00e3o pode utilizar os nossos slogans de forma a confundir ou induzir em erro os clientes.<\/p>\n<p>O Utilizador n\u00e3o pode utilizar ou registar (ou solicitar a utiliza\u00e7\u00e3o ou o registo) de uma Marca que seja id\u00eantica ou que se assemelhe de forma confusa a uma das nossas Marcas.<\/p>\n<p>&nbsp;<\/p>\n<h3><b>Produtos derivados e material publicit\u00e1rio<br \/>\n<\/b><\/h3>\n<p>O Utilizador n\u00e3o pode utilizar as Marcas no seu material promocional, nomeadamente em produtos de merchandising como t-shirts, sacos, canetas ou outros artigos. \u00c9 necess\u00e1rio obter uma autoriza\u00e7\u00e3o pr\u00e9via por escrito do Departamento de Marketing da EDILIANS antes de utilizar as nossas Marcas em qualquer material publicit\u00e1rio ou documenta\u00e7\u00e3o, independentemente do suporte. N\u00e3o pode imprimir as nossas marcas ou log\u00f3tipos nos seus documentos ou cart\u00f5es de visita.<\/p>\n<p>&nbsp;<\/p>\n<h3><b>Perguntas<br \/>\n<\/b><\/h3>\n<p>Se tiver alguma d\u00favida sobre a Pol\u00edtica, contacte : Dire\u00e7\u00e3o de Marketing, Edilians S.A.S., 65, chemin du Moulin Carron, 69570 Dardilly, FRAN\u00c7A<\/p>\n<p>Se tiver alguma quest\u00e3o jur\u00eddica ou de propriedade intelectual, contacte : Departamento Jur\u00eddico, Edilians S.A.S., 65, chemin du Moulin Carron, 69570 Dardilly, FRAN\u00c7A<\/p>\n<p>&nbsp;<\/p>\n<h2>Direito aplic\u00e1vel<\/h2>\n<p>As presentes condi\u00e7\u00f5es de utiliza\u00e7\u00e3o e o s\u00edtio Web em geral s\u00e3o regidos pelas leis da Rep\u00fablica Francesa e interpretados em conformidade. Qualquer diferendo ou lit\u00edgio relativo a este s\u00edtio Web ser\u00e1 resolvido exclusivamente pelos tribunais franceses.<\/p>\n<p><b><i>Edilians S.A.S. 2018-2020. Todos os direitos reservados.<br \/>\n<\/i><\/b><\/p>\n<\/div>\n[\/vc_column_text][\/vc_column][\/vc_row]\n","protected":false},"excerpt":{"rendered":"<p>[vc_row type=&#8221;in_container&#8221; full_screen_row_position=&#8221;middle&#8221; column_margin=&#8221;default&#8221; column_direction=&#8221;default&#8221; column_direction_tablet=&#8221;default&#8221; column_direction_phone=&#8221;default&#8221; scene_position=&#8221;center&#8221; text_color=&#8221;dark&#8221; text_align=&#8221;left&#8221; row_border_radius=&#8221;none&#8221; row_border_radius_applies=&#8221;bg&#8221; overflow=&#8221;visible&#8221; overlay_strength=&#8221;0.3&#8243; gradient_direction=&#8221;left_to_right&#8221; shape_divider_position=&#8221;bottom&#8221; bg_image_animation=&#8221;none&#8221;][vc_column column_padding=&#8221;no-extra-padding&#8221; column_padding_tablet=&#8221;inherit&#8221; column_padding_phone=&#8221;inherit&#8221; column_padding_position=&#8221;all&#8221; column_element_direction_desktop=&#8221;default&#8221; column_element_spacing=&#8221;default&#8221; desktop_text_alignment=&#8221;default&#8221; tablet_text_alignment=&#8221;default&#8221; phone_text_alignment=&#8221;default&#8221; background_color_opacity=&#8221;1&#8243; background_hover_color_opacity=&#8221;1&#8243; column_backdrop_filter=&#8221;none&#8221; column_shadow=&#8221;none&#8221;&#8230;<\/p>\n","protected":false},"author":4,"featured_media":0,"parent":0,"menu_order":0,"comment_status":"closed","ping_status":"closed","template":"","meta":{"footnotes":""},"class_list":["post-3615","page","type-page","status-publish"],"_links":{"self":[{"href":"https:\/\/edilians-group.com\/pt-pt\/wp-json\/wp\/v2\/pages\/3615","targetHints":{"allow":["GET"]}}],"collection":[{"href":"https:\/\/edilians-group.com\/pt-pt\/wp-json\/wp\/v2\/pages"}],"about":[{"href":"https:\/\/edilians-group.com\/pt-pt\/wp-json\/wp\/v2\/types\/page"}],"author":[{"embeddable":true,"href":"https:\/\/edilians-group.com\/pt-pt\/wp-json\/wp\/v2\/users\/4"}],"replies":[{"embeddable":true,"href":"https:\/\/edilians-group.com\/pt-pt\/wp-json\/wp\/v2\/comments?post=3615"}],"version-history":[{"count":10,"href":"https:\/\/edilians-group.com\/pt-pt\/wp-json\/wp\/v2\/pages\/3615\/revisions"}],"predecessor-version":[{"id":4934,"href":"https:\/\/edilians-group.com\/pt-pt\/wp-json\/wp\/v2\/pages\/3615\/revisions\/4934"}],"wp:attachment":[{"href":"https:\/\/edilians-group.com\/pt-pt\/wp-json\/wp\/v2\/media?parent=3615"}],"curies":[{"name":"wp","href":"https:\/\/api.w.org\/{rel}","templated":true}]}}